{"id":148,"date":"2021-01-20T16:06:13","date_gmt":"2021-01-20T15:06:13","guid":{"rendered":"http:\/\/matermetier.com\/actualidad\/"},"modified":"2021-05-13T12:17:56","modified_gmt":"2021-05-13T10:17:56","slug":"actualidad","status":"publish","type":"page","link":"https:\/\/matermetier.com\/es\/actualidad\/","title":{"rendered":"Actualidad"},"content":{"rendered":"","protected":false},"excerpt":{"rendered":"","protected":false},"author":1,"featured_media":0,"parent":0,"menu_order":30,"comment_status":"closed","ping_status":"closed","template":"page-blog.php","meta":[],"yoast_head":"<!-- This site is optimized with the Yoast SEO plugin v18.6 - https:\/\/yoast.com\/wordpress\/plugins\/seo\/ -->\n<title>Mater Metier | Actualidad | Dise\u00f1o y producci\u00f3n arquitect\u00f3nica<\/title>\n<meta name=\"description\" content=\"No dudes en seguirnos si quieres mantenerte al d\u00eda de nuestros \u00faltimos trabajos de dise\u00f1o y producci\u00f3n arquitect\u00f3nica.\" \/>\n<meta name=\"robots\" content=\"index, follow, max-snippet:-1, max-image-preview:large, max-video-preview:-1\" \/>\n<link rel=\"canonical\" href=\"https:\/\/matermetier.com\/es\/actualidad\/\" \/>\n<meta property=\"og:locale\" content=\"es_ES\" \/>\n<meta property=\"og:type\" content=\"article\" \/>\n<meta property=\"og:title\" content=\"Mater Metier | Actualidad | Dise\u00f1o y producci\u00f3n arquitect\u00f3nica\" \/>\n<meta property=\"og:description\" content=\"No dudes en seguirnos si quieres mantenerte al d\u00eda de nuestros \u00faltimos trabajos de dise\u00f1o y producci\u00f3n arquitect\u00f3nica.\" \/>\n<meta property=\"og:url\" content=\"https:\/\/matermetier.com\/es\/actualidad\/\" \/>\n<meta property=\"og:site_name\" content=\"Mater Metier\" \/>\n<meta property=\"article:modified_time\" content=\"2021-05-13T10:17:56+00:00\" \/>\n<meta property=\"og:image\" content=\"https:\/\/matermetier.com\/wp-content\/uploads\/2021\/03\/rrss-share-matermetier.png\" \/>\n\t<meta property=\"og:image:width\" content=\"1200\" \/>\n\t<meta property=\"og:image:height\" content=\"628\" \/>\n\t<meta property=\"og:image:type\" content=\"image\/png\" \/>\n<meta name=\"twitter:card\" content=\"summary_large_image\" \/>\n<script type=\"application\/ld+json\" class=\"yoast-schema-graph\">{\"@context\":\"https:\/\/schema.org\",\"@graph\":[{\"@type\":\"Organization\",\"@id\":\"https:\/\/matermetier.com\/#organization\",\"name\":\"Mater Metier\",\"url\":\"https:\/\/matermetier.com\/\",\"sameAs\":[\"https:\/\/www.instagram.com\/matermetier\/\",\"https:\/\/www.linkedin.com\/in\/mater-metier-30ba19208\/\"],\"logo\":{\"@type\":\"ImageObject\",\"@id\":\"https:\/\/matermetier.com\/#logo\",\"inLanguage\":\"es\",\"url\":\"https:\/\/matermetier.com\/wp-content\/uploads\/2021\/03\/logo-matermetier.png\",\"contentUrl\":\"https:\/\/matermetier.com\/wp-content\/uploads\/2021\/03\/logo-matermetier.png\",\"width\":546,\"height\":228,\"caption\":\"Mater Metier\"},\"image\":{\"@id\":\"https:\/\/matermetier.com\/#logo\"}},{\"@type\":\"WebSite\",\"@id\":\"https:\/\/matermetier.com\/#website\",\"url\":\"https:\/\/matermetier.com\/\",\"name\":\"Mater Metier\",\"description\":\"\",\"publisher\":{\"@id\":\"https:\/\/matermetier.com\/#organization\"},\"potentialAction\":[{\"@type\":\"SearchAction\",\"target\":{\"@type\":\"EntryPoint\",\"urlTemplate\":\"https:\/\/matermetier.com\/?s={search_term_string}\"},\"query-input\":\"required name=search_term_string\"}],\"inLanguage\":\"es\"},{\"@type\":\"WebPage\",\"@id\":\"https:\/\/matermetier.com\/es\/actualidad\/#webpage\",\"url\":\"https:\/\/matermetier.com\/es\/actualidad\/\",\"name\":\"Mater Metier | Actualidad | Dise\u00f1o y producci\u00f3n arquitect\u00f3nica\",\"isPartOf\":{\"@id\":\"https:\/\/matermetier.com\/#website\"},\"datePublished\":\"2021-01-20T15:06:13+00:00\",\"dateModified\":\"2021-05-13T10:17:56+00:00\",\"description\":\"No dudes en seguirnos si quieres mantenerte al d\u00eda de nuestros \u00faltimos trabajos de dise\u00f1o y producci\u00f3n arquitect\u00f3nica.\",\"breadcrumb\":{\"@id\":\"https:\/\/matermetier.com\/es\/actualidad\/#breadcrumb\"},\"inLanguage\":\"es\",\"potentialAction\":[{\"@type\":\"ReadAction\",\"target\":[\"https:\/\/matermetier.com\/es\/actualidad\/\"]}]},{\"@type\":\"BreadcrumbList\",\"@id\":\"https:\/\/matermetier.com\/es\/actualidad\/#breadcrumb\",\"itemListElement\":[{\"@type\":\"ListItem\",\"position\":1,\"name\":\"Home\",\"item\":\"https:\/\/matermetier.com\/es\/\"},{\"@type\":\"ListItem\",\"position\":2,\"name\":\"Actualidad\"}]}]}<\/script>\n<!-- \/ Yoast SEO plugin. -->","yoast_head_json":{"title":"Mater Metier | Actualidad | Dise\u00f1o y producci\u00f3n arquitect\u00f3nica","description":"No dudes en seguirnos si quieres mantenerte al d\u00eda de nuestros \u00faltimos trabajos de dise\u00f1o y producci\u00f3n arquitect\u00f3nica.","robots":{"index":"index","follow":"follow","max-snippet":"max-snippet:-1","max-image-preview":"max-image-preview:large","max-video-preview":"max-video-preview:-1"},"canonical":"https:\/\/matermetier.com\/es\/actualidad\/","og_locale":"es_ES","og_type":"article","og_title":"Mater Metier | Actualidad | Dise\u00f1o y producci\u00f3n arquitect\u00f3nica","og_description":"No dudes en seguirnos si quieres mantenerte al d\u00eda de nuestros \u00faltimos trabajos de dise\u00f1o y producci\u00f3n arquitect\u00f3nica.","og_url":"https:\/\/matermetier.com\/es\/actualidad\/","og_site_name":"Mater Metier","article_modified_time":"2021-05-13T10:17:56+00:00","og_image":[{"width":1200,"height":628,"url":"https:\/\/matermetier.com\/wp-content\/uploads\/2021\/03\/rrss-share-matermetier.png","type":"image\/png"}],"twitter_card":"summary_large_image","schema":{"@context":"https:\/\/schema.org","@graph":[{"@type":"Organization","@id":"https:\/\/matermetier.com\/#organization","name":"Mater Metier","url":"https:\/\/matermetier.com\/","sameAs":["https:\/\/www.instagram.com\/matermetier\/","https:\/\/www.linkedin.com\/in\/mater-metier-30ba19208\/"],"logo":{"@type":"ImageObject","@id":"https:\/\/matermetier.com\/#logo","inLanguage":"es","url":"https:\/\/matermetier.com\/wp-content\/uploads\/2021\/03\/logo-matermetier.png","contentUrl":"https:\/\/matermetier.com\/wp-content\/uploads\/2021\/03\/logo-matermetier.png","width":546,"height":228,"caption":"Mater Metier"},"image":{"@id":"https:\/\/matermetier.com\/#logo"}},{"@type":"WebSite","@id":"https:\/\/matermetier.com\/#website","url":"https:\/\/matermetier.com\/","name":"Mater Metier","description":"","publisher":{"@id":"https:\/\/matermetier.com\/#organization"},"potentialAction":[{"@type":"SearchAction","target":{"@type":"EntryPoint","urlTemplate":"https:\/\/matermetier.com\/?s={search_term_string}"},"query-input":"required name=search_term_string"}],"inLanguage":"es"},{"@type":"WebPage","@id":"https:\/\/matermetier.com\/es\/actualidad\/#webpage","url":"https:\/\/matermetier.com\/es\/actualidad\/","name":"Mater Metier | Actualidad | Dise\u00f1o y producci\u00f3n arquitect\u00f3nica","isPartOf":{"@id":"https:\/\/matermetier.com\/#website"},"datePublished":"2021-01-20T15:06:13+00:00","dateModified":"2021-05-13T10:17:56+00:00","description":"No dudes en seguirnos si quieres mantenerte al d\u00eda de nuestros \u00faltimos trabajos de dise\u00f1o y producci\u00f3n arquitect\u00f3nica.","breadcrumb":{"@id":"https:\/\/matermetier.com\/es\/actualidad\/#breadcrumb"},"inLanguage":"es","potentialAction":[{"@type":"ReadAction","target":["https:\/\/matermetier.com\/es\/actualidad\/"]}]},{"@type":"BreadcrumbList","@id":"https:\/\/matermetier.com\/es\/actualidad\/#breadcrumb","itemListElement":[{"@type":"ListItem","position":1,"name":"Home","item":"https:\/\/matermetier.com\/es\/"},{"@type":"ListItem","position":2,"name":"Actualidad"}]}]}},"_links":{"self":[{"href":"https:\/\/matermetier.com\/es\/wp-json\/wp\/v2\/pages\/148"}],"collection":[{"href":"https:\/\/matermetier.com\/es\/wp-json\/wp\/v2\/pages"}],"about":[{"href":"https:\/\/matermetier.com\/es\/wp-json\/wp\/v2\/types\/page"}],"author":[{"embeddable":true,"href":"https:\/\/matermetier.com\/es\/wp-json\/wp\/v2\/users\/1"}],"replies":[{"embeddable":true,"href":"https:\/\/matermetier.com\/es\/wp-json\/wp\/v2\/comments?post=148"}],"version-history":[{"count":1,"href":"https:\/\/matermetier.com\/es\/wp-json\/wp\/v2\/pages\/148\/revisions"}],"predecessor-version":[{"id":568,"href":"https:\/\/matermetier.com\/es\/wp-json\/wp\/v2\/pages\/148\/revisions\/568"}],"wp:attachment":[{"href":"https:\/\/matermetier.com\/es\/wp-json\/wp\/v2\/media?parent=148"}],"curies":[{"name":"wp","href":"https:\/\/api.w.org\/{rel}","templated":true}]}}