{"id":161,"date":"2021-01-20T16:37:11","date_gmt":"2021-01-20T15:37:11","guid":{"rendered":"http:\/\/matermetier.com\/inicio\/"},"modified":"2021-05-13T11:48:08","modified_gmt":"2021-05-13T09:48:08","slug":"inicio","status":"publish","type":"page","link":"https:\/\/matermetier.com\/es\/","title":{"rendered":"Inicio"},"content":{"rendered":"","protected":false},"excerpt":{"rendered":"","protected":false},"author":1,"featured_media":0,"parent":0,"menu_order":0,"comment_status":"closed","ping_status":"closed","template":"page-home.php","meta":[],"yoast_head":"<!-- This site is optimized with the Yoast SEO plugin v18.6 - https:\/\/yoast.com\/wordpress\/plugins\/seo\/ -->\n<title>Mater Metier | Dise\u00f1o y producci\u00f3n de alta gama | Mobiliario | Arquitectura<\/title>\n<meta name=\"description\" content=\"Mater Metier garantiza la comunicaci\u00f3n entre dise\u00f1o y producci\u00f3n en el mundo de la arquitectura, el interiorismo y el mobiliario.\" \/>\n<meta name=\"robots\" content=\"index, follow, max-snippet:-1, max-image-preview:large, max-video-preview:-1\" \/>\n<link rel=\"canonical\" href=\"https:\/\/matermetier.com\/es\/\" \/>\n<meta property=\"og:locale\" content=\"es_ES\" \/>\n<meta property=\"og:type\" content=\"article\" \/>\n<meta property=\"og:title\" content=\"Mater Metier | Dise\u00f1o y producci\u00f3n de alta gama | Mobiliario | Arquitectura\" \/>\n<meta property=\"og:description\" content=\"Mater Metier garantiza la comunicaci\u00f3n entre dise\u00f1o y producci\u00f3n en el mundo de la arquitectura, el interiorismo y el mobiliario.\" \/>\n<meta property=\"og:url\" content=\"https:\/\/matermetier.com\/es\/\" \/>\n<meta property=\"og:site_name\" content=\"Mater Metier\" \/>\n<meta property=\"article:modified_time\" content=\"2021-05-13T09:48:08+00:00\" \/>\n<meta property=\"og:image\" content=\"https:\/\/matermetier.com\/wp-content\/uploads\/2021\/03\/rrss-share-matermetier.png\" \/>\n\t<meta property=\"og:image:width\" content=\"1200\" \/>\n\t<meta property=\"og:image:height\" content=\"628\" \/>\n\t<meta property=\"og:image:type\" content=\"image\/png\" \/>\n<meta name=\"twitter:card\" content=\"summary_large_image\" \/>\n<script type=\"application\/ld+json\" class=\"yoast-schema-graph\">{\"@context\":\"https:\/\/schema.org\",\"@graph\":[{\"@type\":\"Organization\",\"@id\":\"https:\/\/matermetier.com\/#organization\",\"name\":\"Mater Metier\",\"url\":\"https:\/\/matermetier.com\/\",\"sameAs\":[\"https:\/\/www.instagram.com\/matermetier\/\",\"https:\/\/www.linkedin.com\/in\/mater-metier-30ba19208\/\"],\"logo\":{\"@type\":\"ImageObject\",\"@id\":\"https:\/\/matermetier.com\/#logo\",\"inLanguage\":\"es\",\"url\":\"https:\/\/matermetier.com\/wp-content\/uploads\/2021\/03\/logo-matermetier.png\",\"contentUrl\":\"https:\/\/matermetier.com\/wp-content\/uploads\/2021\/03\/logo-matermetier.png\",\"width\":546,\"height\":228,\"caption\":\"Mater Metier\"},\"image\":{\"@id\":\"https:\/\/matermetier.com\/#logo\"}},{\"@type\":\"WebSite\",\"@id\":\"https:\/\/matermetier.com\/#website\",\"url\":\"https:\/\/matermetier.com\/\",\"name\":\"Mater Metier\",\"description\":\"\",\"publisher\":{\"@id\":\"https:\/\/matermetier.com\/#organization\"},\"potentialAction\":[{\"@type\":\"SearchAction\",\"target\":{\"@type\":\"EntryPoint\",\"urlTemplate\":\"https:\/\/matermetier.com\/?s={search_term_string}\"},\"query-input\":\"required name=search_term_string\"}],\"inLanguage\":\"es\"},{\"@type\":\"WebPage\",\"@id\":\"https:\/\/matermetier.com\/es\/#webpage\",\"url\":\"https:\/\/matermetier.com\/es\/\",\"name\":\"Mater Metier | Dise\u00f1o y producci\u00f3n de alta gama | Mobiliario | Arquitectura\",\"isPartOf\":{\"@id\":\"https:\/\/matermetier.com\/#website\"},\"datePublished\":\"2021-01-20T15:37:11+00:00\",\"dateModified\":\"2021-05-13T09:48:08+00:00\",\"description\":\"Mater Metier garantiza la comunicaci\u00f3n entre dise\u00f1o y producci\u00f3n en el mundo de la arquitectura, el interiorismo y el mobiliario.\",\"breadcrumb\":{\"@id\":\"https:\/\/matermetier.com\/es\/#breadcrumb\"},\"inLanguage\":\"es\",\"potentialAction\":[{\"@type\":\"ReadAction\",\"target\":[\"https:\/\/matermetier.com\/es\/\"]}]},{\"@type\":\"BreadcrumbList\",\"@id\":\"https:\/\/matermetier.com\/es\/#breadcrumb\",\"itemListElement\":[{\"@type\":\"ListItem\",\"position\":1,\"name\":\"Home\",\"item\":\"https:\/\/matermetier.com\/es\/\"},{\"@type\":\"ListItem\",\"position\":2,\"name\":\"Inicio\"}]}]}<\/script>\n<!-- \/ Yoast SEO plugin. -->","yoast_head_json":{"title":"Mater Metier | Dise\u00f1o y producci\u00f3n de alta gama | Mobiliario | Arquitectura","description":"Mater Metier garantiza la comunicaci\u00f3n entre dise\u00f1o y producci\u00f3n en el mundo de la arquitectura, el interiorismo y el mobiliario.","robots":{"index":"index","follow":"follow","max-snippet":"max-snippet:-1","max-image-preview":"max-image-preview:large","max-video-preview":"max-video-preview:-1"},"canonical":"https:\/\/matermetier.com\/es\/","og_locale":"es_ES","og_type":"article","og_title":"Mater Metier | Dise\u00f1o y producci\u00f3n de alta gama | Mobiliario | Arquitectura","og_description":"Mater Metier garantiza la comunicaci\u00f3n entre dise\u00f1o y producci\u00f3n en el mundo de la arquitectura, el interiorismo y el mobiliario.","og_url":"https:\/\/matermetier.com\/es\/","og_site_name":"Mater Metier","article_modified_time":"2021-05-13T09:48:08+00:00","og_image":[{"width":1200,"height":628,"url":"https:\/\/matermetier.com\/wp-content\/uploads\/2021\/03\/rrss-share-matermetier.png","type":"image\/png"}],"twitter_card":"summary_large_image","schema":{"@context":"https:\/\/schema.org","@graph":[{"@type":"Organization","@id":"https:\/\/matermetier.com\/#organization","name":"Mater Metier","url":"https:\/\/matermetier.com\/","sameAs":["https:\/\/www.instagram.com\/matermetier\/","https:\/\/www.linkedin.com\/in\/mater-metier-30ba19208\/"],"logo":{"@type":"ImageObject","@id":"https:\/\/matermetier.com\/#logo","inLanguage":"es","url":"https:\/\/matermetier.com\/wp-content\/uploads\/2021\/03\/logo-matermetier.png","contentUrl":"https:\/\/matermetier.com\/wp-content\/uploads\/2021\/03\/logo-matermetier.png","width":546,"height":228,"caption":"Mater Metier"},"image":{"@id":"https:\/\/matermetier.com\/#logo"}},{"@type":"WebSite","@id":"https:\/\/matermetier.com\/#website","url":"https:\/\/matermetier.com\/","name":"Mater Metier","description":"","publisher":{"@id":"https:\/\/matermetier.com\/#organization"},"potentialAction":[{"@type":"SearchAction","target":{"@type":"EntryPoint","urlTemplate":"https:\/\/matermetier.com\/?s={search_term_string}"},"query-input":"required name=search_term_string"}],"inLanguage":"es"},{"@type":"WebPage","@id":"https:\/\/matermetier.com\/es\/#webpage","url":"https:\/\/matermetier.com\/es\/","name":"Mater Metier | Dise\u00f1o y producci\u00f3n de alta gama | Mobiliario | Arquitectura","isPartOf":{"@id":"https:\/\/matermetier.com\/#website"},"datePublished":"2021-01-20T15:37:11+00:00","dateModified":"2021-05-13T09:48:08+00:00","description":"Mater Metier garantiza la comunicaci\u00f3n entre dise\u00f1o y producci\u00f3n en el mundo de la arquitectura, el interiorismo y el mobiliario.","breadcrumb":{"@id":"https:\/\/matermetier.com\/es\/#breadcrumb"},"inLanguage":"es","potentialAction":[{"@type":"ReadAction","target":["https:\/\/matermetier.com\/es\/"]}]},{"@type":"BreadcrumbList","@id":"https:\/\/matermetier.com\/es\/#breadcrumb","itemListElement":[{"@type":"ListItem","position":1,"name":"Home","item":"https:\/\/matermetier.com\/es\/"},{"@type":"ListItem","position":2,"name":"Inicio"}]}]}},"_links":{"self":[{"href":"https:\/\/matermetier.com\/es\/wp-json\/wp\/v2\/pages\/161"}],"collection":[{"href":"https:\/\/matermetier.com\/es\/wp-json\/wp\/v2\/pages"}],"about":[{"href":"https:\/\/matermetier.com\/es\/wp-json\/wp\/v2\/types\/page"}],"author":[{"embeddable":true,"href":"https:\/\/matermetier.com\/es\/wp-json\/wp\/v2\/users\/1"}],"replies":[{"embeddable":true,"href":"https:\/\/matermetier.com\/es\/wp-json\/wp\/v2\/comments?post=161"}],"version-history":[{"count":1,"href":"https:\/\/matermetier.com\/es\/wp-json\/wp\/v2\/pages\/161\/revisions"}],"predecessor-version":[{"id":228,"href":"https:\/\/matermetier.com\/es\/wp-json\/wp\/v2\/pages\/161\/revisions\/228"}],"wp:attachment":[{"href":"https:\/\/matermetier.com\/es\/wp-json\/wp\/v2\/media?parent=161"}],"curies":[{"name":"wp","href":"https:\/\/api.w.org\/{rel}","templated":true}]}}