{"id":165,"date":"2021-02-02T11:44:03","date_gmt":"2021-02-02T10:44:03","guid":{"rendered":"http:\/\/matermetier.com\/mater-metier\/"},"modified":"2021-05-13T11:47:29","modified_gmt":"2021-05-13T09:47:29","slug":"mater-metier","status":"publish","type":"page","link":"https:\/\/matermetier.com\/es\/mater-metier\/","title":{"rendered":"Mater Metier"},"content":{"rendered":"\n<p>Gracias a nuestra polivalencia, disponibilidad y preocupaci\u00f3n por el detalle nuestro equipo se encarga de proyectos en toda Europa y pone a tu disposici\u00f3n una log\u00edstica \u00e1gil y plazos de producci\u00f3n ajustados a precios competitivos.<\/p>\n\n<h2>Con\u00f3cenos<\/h2>\n\n<h3>DISE\u00d1O<\/h3>\n\n<p>Dise\u00f1amos a medida y te acompa\u00f1amos en tu proyecto desde la concepci\u00f3n, la visualizaci\u00f3n o la documentaci\u00f3n t\u00e9cnica hasta la planificaci\u00f3n de la producci\u00f3n.<\/p>\n\n<h3>PRODUCCI\u00d3N<\/h3>\n\n<p>La m\u00e1xima calidad es el objetivo principal de nuestras producciones junto con responder a tus necesidades concretas.<\/p>\n\n<p>Sin m\u00ednimos y dentro de plazos muy ajustados, realizamos encargos tanto de piezas \u00fanicas como de series.<\/p>\n\n<h3>PROYECTO INTEGRAL<\/h3>\n\n<p>M\u00e1s de una d\u00e9cada de experiencia nos permite materializar tus ideas, desde la concepci\u00f3n hasta la instalaci\u00f3n, manteni\u00e9ndote al d\u00eda en todo momento sobre la evoluci\u00f3n del proyecto.<\/p>\n","protected":false},"excerpt":{"rendered":"<p>Gracias a nuestra polivalencia, disponibilidad y preocupaci\u00f3n por el detalle nuestro equipo se encarga de proyectos en toda Europa y pone a tu disposici\u00f3n una log\u00edstica \u00e1gil y plazos de producci\u00f3n ajustados a precios competitivos. Con\u00f3cenos DISE\u00d1O Dise\u00f1amos a medida y te acompa\u00f1amos en tu proyecto desde la concepci\u00f3n, la visualizaci\u00f3n o la documentaci\u00f3n t\u00e9cnica [&hellip;]<\/p>\n","protected":false},"author":1,"featured_media":89,"parent":0,"menu_order":10,"comment_status":"closed","ping_status":"closed","template":"page-mater-metier.php","meta":[],"yoast_head":"<!-- This site is optimized with the Yoast SEO plugin v18.6 - https:\/\/yoast.com\/wordpress\/plugins\/seo\/ -->\n<title>Proyectos integrales de dise\u00f1o y producci\u00f3n | Mater Metier<\/title>\n<meta name=\"description\" content=\"Te acompa\u00f1amos en tu proyecto desde la concepci\u00f3n, la visualizaci\u00f3n o la documentaci\u00f3n t\u00e9cnica hasta la planificaci\u00f3n de la producci\u00f3n.\" \/>\n<meta name=\"robots\" content=\"index, follow, max-snippet:-1, max-image-preview:large, max-video-preview:-1\" \/>\n<link rel=\"canonical\" href=\"https:\/\/matermetier.com\/es\/mater-metier\/\" \/>\n<meta property=\"og:locale\" content=\"es_ES\" \/>\n<meta property=\"og:type\" content=\"article\" \/>\n<meta property=\"og:title\" content=\"Proyectos integrales de dise\u00f1o y producci\u00f3n | Mater Metier\" \/>\n<meta property=\"og:description\" content=\"Te acompa\u00f1amos en tu proyecto desde la concepci\u00f3n, la visualizaci\u00f3n o la documentaci\u00f3n t\u00e9cnica hasta la planificaci\u00f3n de la producci\u00f3n.\" \/>\n<meta property=\"og:url\" content=\"https:\/\/matermetier.com\/es\/mater-metier\/\" \/>\n<meta property=\"og:site_name\" content=\"Mater Metier\" \/>\n<meta property=\"article:modified_time\" content=\"2021-05-13T09:47:29+00:00\" \/>\n<meta property=\"og:image\" content=\"https:\/\/matermetier.com\/wp-content\/uploads\/2021\/01\/lock-matermetier.jpg\" \/>\n\t<meta property=\"og:image:width\" content=\"1748\" \/>\n\t<meta property=\"og:image:height\" content=\"1118\" \/>\n\t<meta property=\"og:image:type\" content=\"image\/jpeg\" \/>\n<meta name=\"twitter:card\" content=\"summary_large_image\" \/>\n<meta name=\"twitter:label1\" content=\"Tiempo de lectura\" \/>\n\t<meta name=\"twitter:data1\" content=\"1 minuto\" \/>\n<script type=\"application\/ld+json\" class=\"yoast-schema-graph\">{\"@context\":\"https:\/\/schema.org\",\"@graph\":[{\"@type\":\"Organization\",\"@id\":\"https:\/\/matermetier.com\/#organization\",\"name\":\"Mater Metier\",\"url\":\"https:\/\/matermetier.com\/\",\"sameAs\":[\"https:\/\/www.instagram.com\/matermetier\/\",\"https:\/\/www.linkedin.com\/in\/mater-metier-30ba19208\/\"],\"logo\":{\"@type\":\"ImageObject\",\"@id\":\"https:\/\/matermetier.com\/#logo\",\"inLanguage\":\"es\",\"url\":\"https:\/\/matermetier.com\/wp-content\/uploads\/2021\/03\/logo-matermetier.png\",\"contentUrl\":\"https:\/\/matermetier.com\/wp-content\/uploads\/2021\/03\/logo-matermetier.png\",\"width\":546,\"height\":228,\"caption\":\"Mater Metier\"},\"image\":{\"@id\":\"https:\/\/matermetier.com\/#logo\"}},{\"@type\":\"WebSite\",\"@id\":\"https:\/\/matermetier.com\/#website\",\"url\":\"https:\/\/matermetier.com\/\",\"name\":\"Mater Metier\",\"description\":\"\",\"publisher\":{\"@id\":\"https:\/\/matermetier.com\/#organization\"},\"potentialAction\":[{\"@type\":\"SearchAction\",\"target\":{\"@type\":\"EntryPoint\",\"urlTemplate\":\"https:\/\/matermetier.com\/?s={search_term_string}\"},\"query-input\":\"required name=search_term_string\"}],\"inLanguage\":\"es\"},{\"@type\":\"ImageObject\",\"@id\":\"https:\/\/matermetier.com\/es\/mater-metier\/#primaryimage\",\"inLanguage\":\"es\",\"url\":\"https:\/\/matermetier.com\/wp-content\/uploads\/2021\/01\/lock-matermetier.jpg\",\"contentUrl\":\"https:\/\/matermetier.com\/wp-content\/uploads\/2021\/01\/lock-matermetier.jpg\",\"width\":1748,\"height\":1118,\"caption\":\"Lock in wall\"},{\"@type\":\"WebPage\",\"@id\":\"https:\/\/matermetier.com\/es\/mater-metier\/#webpage\",\"url\":\"https:\/\/matermetier.com\/es\/mater-metier\/\",\"name\":\"Proyectos integrales de dise\u00f1o y producci\u00f3n | Mater Metier\",\"isPartOf\":{\"@id\":\"https:\/\/matermetier.com\/#website\"},\"primaryImageOfPage\":{\"@id\":\"https:\/\/matermetier.com\/es\/mater-metier\/#primaryimage\"},\"datePublished\":\"2021-02-02T10:44:03+00:00\",\"dateModified\":\"2021-05-13T09:47:29+00:00\",\"description\":\"Te acompa\u00f1amos en tu proyecto desde la concepci\u00f3n, la visualizaci\u00f3n o la documentaci\u00f3n t\u00e9cnica hasta la planificaci\u00f3n de la producci\u00f3n.\",\"breadcrumb\":{\"@id\":\"https:\/\/matermetier.com\/es\/mater-metier\/#breadcrumb\"},\"inLanguage\":\"es\",\"potentialAction\":[{\"@type\":\"ReadAction\",\"target\":[\"https:\/\/matermetier.com\/es\/mater-metier\/\"]}]},{\"@type\":\"BreadcrumbList\",\"@id\":\"https:\/\/matermetier.com\/es\/mater-metier\/#breadcrumb\",\"itemListElement\":[{\"@type\":\"ListItem\",\"position\":1,\"name\":\"Home\",\"item\":\"https:\/\/matermetier.com\/es\/\"},{\"@type\":\"ListItem\",\"position\":2,\"name\":\"Mater Metier\"}]}]}<\/script>\n<!-- \/ Yoast SEO plugin. -->","yoast_head_json":{"title":"Proyectos integrales de dise\u00f1o y producci\u00f3n | Mater Metier","description":"Te acompa\u00f1amos en tu proyecto desde la concepci\u00f3n, la visualizaci\u00f3n o la documentaci\u00f3n t\u00e9cnica hasta la planificaci\u00f3n de la producci\u00f3n.","robots":{"index":"index","follow":"follow","max-snippet":"max-snippet:-1","max-image-preview":"max-image-preview:large","max-video-preview":"max-video-preview:-1"},"canonical":"https:\/\/matermetier.com\/es\/mater-metier\/","og_locale":"es_ES","og_type":"article","og_title":"Proyectos integrales de dise\u00f1o y producci\u00f3n | Mater Metier","og_description":"Te acompa\u00f1amos en tu proyecto desde la concepci\u00f3n, la visualizaci\u00f3n o la documentaci\u00f3n t\u00e9cnica hasta la planificaci\u00f3n de la producci\u00f3n.","og_url":"https:\/\/matermetier.com\/es\/mater-metier\/","og_site_name":"Mater Metier","article_modified_time":"2021-05-13T09:47:29+00:00","og_image":[{"width":1748,"height":1118,"url":"https:\/\/matermetier.com\/wp-content\/uploads\/2021\/01\/lock-matermetier.jpg","type":"image\/jpeg"}],"twitter_card":"summary_large_image","twitter_misc":{"Tiempo de lectura":"1 minuto"},"schema":{"@context":"https:\/\/schema.org","@graph":[{"@type":"Organization","@id":"https:\/\/matermetier.com\/#organization","name":"Mater Metier","url":"https:\/\/matermetier.com\/","sameAs":["https:\/\/www.instagram.com\/matermetier\/","https:\/\/www.linkedin.com\/in\/mater-metier-30ba19208\/"],"logo":{"@type":"ImageObject","@id":"https:\/\/matermetier.com\/#logo","inLanguage":"es","url":"https:\/\/matermetier.com\/wp-content\/uploads\/2021\/03\/logo-matermetier.png","contentUrl":"https:\/\/matermetier.com\/wp-content\/uploads\/2021\/03\/logo-matermetier.png","width":546,"height":228,"caption":"Mater Metier"},"image":{"@id":"https:\/\/matermetier.com\/#logo"}},{"@type":"WebSite","@id":"https:\/\/matermetier.com\/#website","url":"https:\/\/matermetier.com\/","name":"Mater Metier","description":"","publisher":{"@id":"https:\/\/matermetier.com\/#organization"},"potentialAction":[{"@type":"SearchAction","target":{"@type":"EntryPoint","urlTemplate":"https:\/\/matermetier.com\/?s={search_term_string}"},"query-input":"required name=search_term_string"}],"inLanguage":"es"},{"@type":"ImageObject","@id":"https:\/\/matermetier.com\/es\/mater-metier\/#primaryimage","inLanguage":"es","url":"https:\/\/matermetier.com\/wp-content\/uploads\/2021\/01\/lock-matermetier.jpg","contentUrl":"https:\/\/matermetier.com\/wp-content\/uploads\/2021\/01\/lock-matermetier.jpg","width":1748,"height":1118,"caption":"Lock in wall"},{"@type":"WebPage","@id":"https:\/\/matermetier.com\/es\/mater-metier\/#webpage","url":"https:\/\/matermetier.com\/es\/mater-metier\/","name":"Proyectos integrales de dise\u00f1o y producci\u00f3n | Mater Metier","isPartOf":{"@id":"https:\/\/matermetier.com\/#website"},"primaryImageOfPage":{"@id":"https:\/\/matermetier.com\/es\/mater-metier\/#primaryimage"},"datePublished":"2021-02-02T10:44:03+00:00","dateModified":"2021-05-13T09:47:29+00:00","description":"Te acompa\u00f1amos en tu proyecto desde la concepci\u00f3n, la visualizaci\u00f3n o la documentaci\u00f3n t\u00e9cnica hasta la planificaci\u00f3n de la producci\u00f3n.","breadcrumb":{"@id":"https:\/\/matermetier.com\/es\/mater-metier\/#breadcrumb"},"inLanguage":"es","potentialAction":[{"@type":"ReadAction","target":["https:\/\/matermetier.com\/es\/mater-metier\/"]}]},{"@type":"BreadcrumbList","@id":"https:\/\/matermetier.com\/es\/mater-metier\/#breadcrumb","itemListElement":[{"@type":"ListItem","position":1,"name":"Home","item":"https:\/\/matermetier.com\/es\/"},{"@type":"ListItem","position":2,"name":"Mater Metier"}]}]}},"_links":{"self":[{"href":"https:\/\/matermetier.com\/es\/wp-json\/wp\/v2\/pages\/165"}],"collection":[{"href":"https:\/\/matermetier.com\/es\/wp-json\/wp\/v2\/pages"}],"about":[{"href":"https:\/\/matermetier.com\/es\/wp-json\/wp\/v2\/types\/page"}],"author":[{"embeddable":true,"href":"https:\/\/matermetier.com\/es\/wp-json\/wp\/v2\/users\/1"}],"replies":[{"embeddable":true,"href":"https:\/\/matermetier.com\/es\/wp-json\/wp\/v2\/comments?post=165"}],"version-history":[{"count":2,"href":"https:\/\/matermetier.com\/es\/wp-json\/wp\/v2\/pages\/165\/revisions"}],"predecessor-version":[{"id":170,"href":"https:\/\/matermetier.com\/es\/wp-json\/wp\/v2\/pages\/165\/revisions\/170"}],"wp:featuredmedia":[{"embeddable":true,"href":"https:\/\/matermetier.com\/es\/wp-json\/wp\/v2\/media\/89"}],"wp:attachment":[{"href":"https:\/\/matermetier.com\/es\/wp-json\/wp\/v2\/media?parent=165"}],"curies":[{"name":"wp","href":"https:\/\/api.w.org\/{rel}","templated":true}]}}