{"id":218,"date":"2021-02-02T15:58:53","date_gmt":"2021-02-02T14:58:53","guid":{"rendered":"http:\/\/matermetier.com\/politica-de-cookies\/"},"modified":"2021-03-12T19:02:19","modified_gmt":"2021-03-12T18:02:19","slug":"politica-de-cookies","status":"publish","type":"page","link":"https:\/\/matermetier.com\/es\/politica-de-cookies\/","title":{"rendered":"Pol\u00edtica de Cookies"},"content":{"rendered":"\n<h2>\u00bfPor qu\u00e9 te informamos sobre las cookies?<\/h2>\n\n<p>Dentro del reglamento LSSI-CE (Ley de la sociedad de la informaci\u00f3n y del comercio electr\u00f3nico), hay un apartado dedicado a las <strong>cookies<\/strong> que exige a quienes tenemos una web que descargue en tu navegador <strong>cookies<\/strong> de terceros, tenemos la obligaci\u00f3n de informar al usuario sobre el tipo de <strong>cookies<\/strong>, la duraci\u00f3n y la finalidad de cada una de ellas. Aunque no es nada sencillo, tenemos la obligaci\u00f3n de intentar acercarnos lo m\u00e1ximo posible a estas exigencias.<\/p>\n\n<p>Esta web utiliza <strong>cookies<\/strong> propias y de terceros para conseguir que tengas una mejor experiencia de navegaci\u00f3n, puedas compartir contenido en redes sociales y para obtener estad\u00edsticas y h\u00e1bitos de navegaci\u00f3n de usuarios de este blog.<\/p>\n\n<p>Como usuario, puedes rechazar el tratamiento de los datos o la informaci\u00f3n bloqueando estas <strong>cookies<\/strong> mediante la configuraci\u00f3n apropiada de tu navegador. Sin embargo, debes saber que, si lo haces, este sitio no funcione adecuadamente.<\/p>\n\n<p>Seg\u00fan el art\u00edculo 22.2 de la Ley 34\/2002 de Servicios de la Sociedad de la Informaci\u00f3n y Comercio Electr\u00f3nico, si contin\u00faas navegando, estar\u00e1s prestando tu consentimiento para el empleo de estas <strong>cookies<\/strong>.<\/p>\n\n<p>Como usuario, aceptas expresamente, por la utilizaci\u00f3n de esta web el tratamiento de la informaci\u00f3n recabada en la forma y con los fines que se detallan a continuaci\u00f3n. Asimismo, reconoces conocer la posibilidad de rechazar el tratamiento de tales datos o informaci\u00f3n rechazando el uso de <strong>Cookies<\/strong> mediante la selecci\u00f3n de la configuraci\u00f3n apropiada a tal fin en tu navegador. Si bien esta opci\u00f3n de bloqueo de <strong>Cookies<\/strong> en su navegador puede no permitirle el uso pleno de todas las funcionalidades de esta web.<\/p>\n\n<h2>\u00bfQu\u00e9 es una cookie?<\/h2>\n\n<p>Una <strong>cookie<\/strong> es un fichero que se descarga en su ordenador al acceder a determinadas p\u00e1ginas web. Las <strong>cookies<\/strong> permiten a una p\u00e1gina web, entre otras cosas, almacenar y recuperar informaci\u00f3n sobre los h\u00e1bitos de navegaci\u00f3n de un usuario o de su equipo y, dependiendo de la informaci\u00f3n que contengan y de la forma en que utilice su equipo, pueden utilizarse para reconocer al usuario.<\/p>\n\n<p>Teniendo en cuenta la forma en la que funciona Internet y los sitios web, no siempre es posible contar con informaci\u00f3n de las <strong>cookies<\/strong> que colocan terceras partes a trav\u00e9s de mi web. Esto se aplica especialmente a casos en los que mi p\u00e1gina web contiene lo que se denominan elementos integrados: textos, documentos, im\u00e1genes o breves pel\u00edculas que se almacenan en otra parte, pero se muestran en nuestro sitio web o a trav\u00e9s del mismo y los derivados de plugin de an\u00e1lisis que utiliza esta web. Por consiguiente, en caso de que te encuentres con este tipo de <strong>cookies<\/strong> en este sitio web y no est\u00e9n enumeradas en la lista siguiente, me lo debes comunicar para que revise esa <strong>cookie<\/strong> y la a\u00f1ada a esta lista si fuese necesario.<\/p>\n\n<p>Si no deseas que se almacenen cookies en tu navegador o si deseas recibir una informaci\u00f3n cada vez que una <strong>cookie<\/strong> solicite instalarse, puedes configurar tu navegador para que lo haga de esa forma. La mayor parte de los navegadores permiten la gesti\u00f3n de las <strong>cookies<\/strong> de 3 formas diferentes:<\/p>\n\n<ul><li>Las cookies se rechazan siempre<\/li><li>El navegador pregunta si el usuario desea instalar cada cookie<\/li><li>Las cookies se aceptan siempre<\/li><\/ul>\n<p>El navegador tambi\u00e9n puede incluir la posibilidad de especificar mejor qu\u00e9 <strong>cookies<\/strong> tienen que ser aceptadas y cu\u00e1les no. En concreto, el usuario puede normalmente aceptar alguna de las siguientes opciones:<\/p>\n\n<ul><li>Rechazar las cookies de determinados dominios.<\/li><li>Rechazar las cookies de terceros.<\/li><li>Aceptar cookies como no persistentes (se eliminan cuando el navegador se cierra)<\/li><li>Permitir al servidor crear cookies para un dominio diferente.<\/li><\/ul>\n<p>En caso de que te encuentres con cookies en este sitio web y no est\u00e9n enumeradas en la lista siguiente, te ruego que me lo comuniques. Tambi\u00e9n puedes ponerte en contacto directamente con el tercero para pedirle informaci\u00f3n sobre las <strong>cookies<\/strong> que coloca, la finalidad y la duraci\u00f3n de la <strong>cookie<\/strong>, y c\u00f3mo ha garantizado su privacidad.<\/p>\n\n<h2>Las cookies que utiliza esta web<\/h2>\n\n<p>En esta web se utilizan <strong>cookies<\/strong> propias y de terceros para conseguir que tengas una mejor experiencia de navegaci\u00f3n, puedas compartir contenido en redes sociales y para obtener estad\u00edsticas de usuarios.<\/p>\n\n<p>Como usuario, puedes rechazar el tratamiento de los datos o la informaci\u00f3n bloqueando estas <strong>cookies<\/strong> mediante la configuraci\u00f3n apropiada de tu navegador. Sin embargo, debes saber que, si lo haces, este sitio no funcione adecuadamente.<\/p>\n\n<p>Seg\u00fan los t\u00e9rminos incluidos en el art\u00edculo 22.2 de la Ley 34\/2002 de Servicios de la Sociedad de la Informaci\u00f3n y Comercio Electr\u00f3nico, si contin\u00faas navegando, estar\u00e1s prestando tu consentimiento para el empleo de las <strong>cookies<\/strong> que detallo a continuaci\u00f3n.<\/p>\n\n<p>Las <strong>cookies<\/strong> de esta web ayudan a:<\/p>\n\n<ul><li>Hacer que esta web funcione correctamente.<\/li><li>Ahorrarte el tener que iniciar sesi\u00f3n cada vez que visitas este sitio.<\/li><li>Recordarte tus ajustes durante y entre las visitas.<\/li><li>Permitirte visualizar videos.<\/li><li>Obtener ingresos gracias a las cookies de afiliados, de facebook ads y de Adsense.<\/li><li>Mejorar la velocidad \/ seguridad del sitio.<\/li><li>Que puedas compartir p\u00e1ginas con redes sociales.<\/li><li>Mejorar continuamente este sitio web gracias a las labores de an\u00e1lisis.<\/li><li>Que puedas adquirir y pagar los productos que ofrezco (cookies de PayPal)<\/li><\/ul>\n<p>No utilizaremos jam\u00e1s <strong>cookies<\/strong> para:<\/p>\n\n<ul><li>Recoger informaci\u00f3n de identificaci\u00f3n personal (sin tu permiso expreso)<\/li><li>Recoger informaci\u00f3n sensible (sin tu permiso expreso)<\/li><li>Compartir datos de identificaci\u00f3n personal a terceros<\/li><\/ul>\n<figure class=\"wp-block-table is-style-stripes\"><table class=\"has-fixed-layout\"><thead><tr><th>Nombre<\/th><th>Proveedor<\/th><th>Descripci\u00f3n<\/th><th>Duraci\u00f3n<\/th><th>Tipo<\/th><\/tr><\/thead><tbody><tr><td>CookieConsent<\/td><td>matermetier.com<\/td><td>Almacena el estado de consentimiento de cookies del usuario para el dominio actual.<\/td><td>1 a\u00f1o<\/td><td>Necesaria<\/td><\/tr><tr><td>moove_gdpr_popup<\/td><td>matermetier.com<\/td><td>Almacena el estado de consentimiento de cookies del usuario para el dominio actual.<\/td><td>Sesi\u00f3n<\/td><td>Necesaria<\/td><\/tr><tr><td>_ga<\/td><td>google.com<\/td><td>Google necesita esta cookie para detectar si est\u00e1 todo correcto en el analizador de tr\u00e1fico<\/td><td>Sesi\u00f3n<\/td><td>De terceros<\/td><\/tr><tr><td>_ga_GFLNPG4CX4<\/td><td>google.com<\/td><td>Google a\u00f1ade esta cookie para identificar nuestro sitio web con sus datos. As\u00ed podremos mejorar la web.<\/td><td>Sesi\u00f3n<\/td><td>De terceros<\/td><\/tr><tr><td>wp-wpml_current_language<\/td><td>matermetier.com<\/td><td>Esta cookie guarda en qu\u00e9 idioma est\u00e1s viendo la web, as\u00ed podemos ofrecerte el contenido en el mismo idioma<\/td><td>Sesi\u00f3n<\/td><td>Necesaria<\/td><\/tr><\/tbody><\/table><\/figure>\n<h2>Cookies de terceros que utilizamos y que debes conocer<\/h2>\n\n<p>Esta web, como la mayor\u00eda de sitios web y blogs, incluye funcionalidades proporcionadas por terceros.<br\/><strong>MATER METIER<\/strong> puede utilizar servicios de terceros que recopilaran informaci\u00f3n con fines estad\u00edsticos, de uso de esta web por parte del usuario y para la prestaci\u00f3n de otros servicios relacionados con la actividad de esta web y otros servicios de Internet.<\/p>\n\n<p>En particular, este sitio Web utiliza <strong>Google Analytics<\/strong>, un servicio anal\u00edtico de web prestado por <strong>Google, Inc<\/strong>. con domicilio en los Estados Unidos con sede central en 1600 Amphitheatre Parkway, Mountain View, California 94043. Para la prestaci\u00f3n de estos servicios, estos utilizan cookies que recopilan la informaci\u00f3n, incluida la direcci\u00f3n IP del usuario, que ser\u00e1 transmitida, tratada y almacenada por <strong>Google<\/strong> en los t\u00e9rminos fijados en la Web <a rel=\"noreferrer noopener\" href=\"https:\/\/google.com\" data-type=\"URL\" data-id=\"https:\/\/google.com\" target=\"_blank\">Google.com<\/a>.<\/p>\n\n<p>Incluyendo la posible transmisi\u00f3n de dicha informaci\u00f3n a terceros por razones de exigencia legal o cuando dichos terceros procesen la informaci\u00f3n por cuenta de <strong>Google<\/strong>.<\/p>\n\n<p>Entre las <strong>cookies<\/strong> de terceros m\u00e1s estables est\u00e1n:<\/p>\n\n<ul><li><strong>Cookies t\u00e9cnicas:<\/strong> Son aqu\u00e9llas que permiten al usuario la navegaci\u00f3n a trav\u00e9s de una p\u00e1gina web, plataforma o aplicaci\u00f3n y la utilizaci\u00f3n de las diferentes opciones o servicios que en ella existan como, por ejemplo, controlar el tr\u00e1fico y la comunicaci\u00f3n de datos, identificar la sesi\u00f3n, acceder a partes de acceso restringido, recordar los elementos que integran un pedido, realizar el proceso de compra de un pedido, realizar la solicitud de inscripci\u00f3n o participaci\u00f3n en un evento, utilizar elementos de seguridad durante la navegaci\u00f3n, almacenar contenidos para la difusi\u00f3n de videos o sonido o compartir contenidos a trav\u00e9s de redes sociales.<\/li><li><strong>Cookies de personalizaci\u00f3n:<\/strong> Son aqu\u00e9llas que permiten al usuario acceder al servicio con algunas caracter\u00edsticas de car\u00e1cter general predefinidas en funci\u00f3n de una serie de criterios en el terminal del usuario como por ejemplo serian el idioma, el tipo de navegador a trav\u00e9s del cual accede al servicio, la configuraci\u00f3n regional desde donde accede al servicio, etc.<\/li><li><strong>Cookies de an\u00e1lisis: <\/strong>Son aqu\u00e9llas que bien tratadas por <strong>MATER METIER<\/strong> o por terceros, me permiten cuantificar el n\u00famero de usuarios y as\u00ed realizar la medici\u00f3n y an\u00e1lisis estad\u00edstico de la utilizaci\u00f3n que hacen los usuarios del servicio ofertado. Para ello se analiza su navegaci\u00f3n en mi p\u00e1gina web con el fin de mejorar la oferta de productos o servicios que le ofrecemos.<\/li><li><strong>Cookies publicitarias:<\/strong> Son aqu\u00e9llas que, bien tratadas por <strong>MATER METIER <\/strong>o por terceros, me permiten gestionar de la forma m\u00e1s eficaz posible la oferta de los espacios publicitarios que hay en esta p\u00e1gina web, adecuando el contenido del anuncio al contenido del servicio solicitado o al uso que realice de mi p\u00e1gina web. Para ello, puedo analizar tus h\u00e1bitos de navegaci\u00f3n en Internet y puedo mostrarte publicidad relacionada con tu perfil de navegaci\u00f3n.<\/li><li><strong>Cookies de Remarketing:<\/strong> Son tambi\u00e9n <strong>cookies<\/strong> de seguimiento de h\u00e1bitos de navegaci\u00f3n para orientar la publicidad en funci\u00f3n a tus intereses y ofrecerte publicidad diferencial. Estas cookies se asocian al usuario an\u00f3nimo y a su ordenador, y no proporcionan de por s\u00ed el nombre y apellidos del usuario.<\/li><li><strong>Cookies de Afliados: <\/strong>En esta web se realizan colaboraciones puntuales con partners que promueven este sitio y algunos lanzamientos concretos, como webinairs. Estas cookies son necesarias para permitirnos recompensamos a estos colaboradores y estas <strong>cookies<\/strong> son generalmente creadas por empresas especializadas (conocidas como redes de afiliados). Ni el titular de esta web, ni los colaboradores pueden identificarte personalmente.<\/li><li><strong>Cookies de redes sociales:<\/strong> Las <strong>Cookies<\/strong> de redes sociales pueden almacenarse en tu navegador mientras navegas por <a rel=\"noreferrer noopener\" href=\"http:\/\/www.matermetier.com\" data-type=\"URL\" data-id=\"www.matermetier.com\" target=\"_blank\">matermetier.com<\/a> por ejemplo, cuando utilizas el bot\u00f3n de compartir contenidos de<strong> MATER METIER <\/strong>en alguna red social.<\/li><\/ul>\n<p>Las empresas que generan estas <strong>cookies<\/strong> correspondientes a las redes sociales que utiliza esta web tienen sus propias pol\u00edticas de <strong>cookies<\/strong>:<\/p>\n\n<ul><li><strong>Cookie de Twitter<\/strong>, seg\u00fan lo dispuesto en su\u00a0<a href=\"https:\/\/twitter.com\/privacy\" target=\"_blank\" rel=\"noreferrer noopener\">pol\u00edtica de privacidad y uso de cookies<\/a>.<\/li><li><strong>Cookie de Pinterest<\/strong>, seg\u00fan lo dispuesto en su\u00a0<a href=\"https:\/\/about.pinterest.com\/es\/privacy-policy\" target=\"_blank\" rel=\"noreferrer noopener\">Pol\u00edtica de privacidad y uso de cookies<\/a><\/li><li><strong>Cookie de Linkedin<\/strong>, seg\u00fan lo dispuesto en su\u00a0<a href=\"https:\/\/www.linkedin.com\/legal\/cookie-policy?trk=hp-cookies\" target=\"_blank\" rel=\"noreferrer noopener\">Pol\u00edtica de cookies<\/a><\/li><li><strong>Cookie de Facebook<\/strong>, seg\u00fan lo dispuesto en su\u00a0<a href=\"https:\/\/www.facebook.com\/help\/cookies?ref_type=sitefooter\" target=\"_blank\" rel=\"noreferrer noopener\">Pol\u00edtica de Cookies<\/a><\/li><\/ul>\n<p>Las implicaciones de privacidad estar\u00e1n en funci\u00f3n a cada red social y depender\u00e1n de la configuraci\u00f3n de privacidad que ha elegido en estas redes. En ning\u00fan caso, ni el responsable de esta web ni los anunciantes pueden obtener informaci\u00f3n personal identificable de estas <strong>cookies<\/strong>.<\/p>\n\n<h2>C\u00f3mo gestionar y desactivar estas cookies<\/h2>\n\n<p>Si no deseas que los sitios web pongan ninguna cookie en tu equipo, puedes adaptar la configuraci\u00f3n del navegador de modo que se te notifique antes de que se descargue ninguna <strong>cookie<\/strong>. De igual modo, puedes adaptar la configuraci\u00f3n de forma que el navegador rechace todas las <strong>cookies<\/strong>, o \u00fanicamente las <strong>cookies<\/strong> <strong>de terceros<\/strong>. Tambi\u00e9n puedes eliminar cualquiera de las <strong>cookies<\/strong> que ya se encuentren en tu equipo. Ten en cuenta que tendr\u00e1s que adaptar por separado la configuraci\u00f3n de cada navegador y equipo que utilices.<\/p>\n\n<p><strong>MATER METIER<\/strong> pone a disposici\u00f3n de los usuarios que quieran impedir la instalaci\u00f3n de las mencionadas <strong>cookies<\/strong>, enlaces facilitados al efecto por navegadores cuyo uso se considera m\u00e1s extendido:<\/p>\n\n<p><a rel=\"noreferrer noopener\" href=\"http:\/\/support.google.com\/chrome\/bin\/answer.py?hl=es-419&amp;answer=95647\" target=\"_blank\">Google Chrome<\/a>\u00a0\u2013\u00a0<a rel=\"noreferrer noopener\" href=\"http:\/\/windows.microsoft.com\/es-xl\/internet-explorer\/delete-manage-cookies#ie=ie-10\" target=\"_blank\">Internet Explorer<\/a>\u00a0\u2013\u00a0<a rel=\"noreferrer noopener\" href=\"http:\/\/support.mozilla.org\/es\/kb\/habilitar-y-deshabilitar-cookies-que-los-sitios-we\" target=\"_blank\">Mozilla Firefox<\/a>\u00a0\u2013\u00a0<a rel=\"noreferrer noopener\" href=\"http:\/\/support.apple.com\/kb\/HT1677?viewlocale=es_ES%20%97%20http:\/\/support.apple.com\/kb\/ph5042\" target=\"_blank\">Apple Safari<\/a><\/p>\n\n<p><em><strong>\u00daltima actualizaci\u00f3n: Febrero 2021<\/strong><\/em><\/p>\n","protected":false},"excerpt":{"rendered":"<p>\u00bfPor qu\u00e9 te informamos sobre las cookies? Dentro del reglamento LSSI-CE (Ley de la sociedad de la informaci\u00f3n y del comercio electr\u00f3nico), hay un apartado dedicado a las cookies que exige a quienes tenemos una web que descargue en tu navegador cookies de terceros, tenemos la obligaci\u00f3n de informar al usuario sobre el tipo de [&hellip;]<\/p>\n","protected":false},"author":1,"featured_media":0,"parent":0,"menu_order":99,"comment_status":"closed","ping_status":"closed","template":"","meta":[],"yoast_head":"<!-- This site is optimized with the Yoast SEO plugin v18.6 - https:\/\/yoast.com\/wordpress\/plugins\/seo\/ -->\n<title>Pol\u00edtica de Cookies &ndash; Mater Metier<\/title>\n<meta name=\"robots\" content=\"noindex, follow\" \/>\n<meta property=\"og:locale\" content=\"es_ES\" \/>\n<meta property=\"og:type\" content=\"article\" \/>\n<meta property=\"og:title\" content=\"Pol\u00edtica de Cookies &ndash; Mater Metier\" \/>\n<meta property=\"og:description\" content=\"\u00bfPor qu\u00e9 te informamos sobre las cookies? Dentro del reglamento LSSI-CE (Ley de la sociedad de la informaci\u00f3n y del comercio electr\u00f3nico), hay un apartado dedicado a las cookies que exige a quienes tenemos una web que descargue en tu navegador cookies de terceros, tenemos la obligaci\u00f3n de informar al usuario sobre el tipo de [&hellip;]\" \/>\n<meta property=\"og:url\" content=\"https:\/\/matermetier.com\/es\/politica-de-cookies\/\" \/>\n<meta property=\"og:site_name\" content=\"Mater Metier\" \/>\n<meta property=\"article:modified_time\" content=\"2021-03-12T18:02:19+00:00\" \/>\n<meta property=\"og:image\" content=\"https:\/\/matermetier.com\/wp-content\/uploads\/2021\/03\/rrss-share-matermetier.png\" \/>\n\t<meta property=\"og:image:width\" content=\"1200\" \/>\n\t<meta property=\"og:image:height\" content=\"628\" \/>\n\t<meta property=\"og:image:type\" content=\"image\/png\" \/>\n<meta name=\"twitter:card\" content=\"summary_large_image\" \/>\n<meta name=\"twitter:label1\" content=\"Tiempo de lectura\" \/>\n\t<meta name=\"twitter:data1\" content=\"9 minutos\" \/>\n<script type=\"application\/ld+json\" class=\"yoast-schema-graph\">{\"@context\":\"https:\/\/schema.org\",\"@graph\":[{\"@type\":\"Organization\",\"@id\":\"https:\/\/matermetier.com\/#organization\",\"name\":\"Mater Metier\",\"url\":\"https:\/\/matermetier.com\/\",\"sameAs\":[\"https:\/\/www.instagram.com\/matermetier\/\",\"https:\/\/www.linkedin.com\/in\/mater-metier-30ba19208\/\"],\"logo\":{\"@type\":\"ImageObject\",\"@id\":\"https:\/\/matermetier.com\/#logo\",\"inLanguage\":\"es\",\"url\":\"https:\/\/matermetier.com\/wp-content\/uploads\/2021\/03\/logo-matermetier.png\",\"contentUrl\":\"https:\/\/matermetier.com\/wp-content\/uploads\/2021\/03\/logo-matermetier.png\",\"width\":546,\"height\":228,\"caption\":\"Mater Metier\"},\"image\":{\"@id\":\"https:\/\/matermetier.com\/#logo\"}},{\"@type\":\"WebSite\",\"@id\":\"https:\/\/matermetier.com\/#website\",\"url\":\"https:\/\/matermetier.com\/\",\"name\":\"Mater Metier\",\"description\":\"\",\"publisher\":{\"@id\":\"https:\/\/matermetier.com\/#organization\"},\"potentialAction\":[{\"@type\":\"SearchAction\",\"target\":{\"@type\":\"EntryPoint\",\"urlTemplate\":\"https:\/\/matermetier.com\/?s={search_term_string}\"},\"query-input\":\"required name=search_term_string\"}],\"inLanguage\":\"es\"},{\"@type\":\"WebPage\",\"@id\":\"https:\/\/matermetier.com\/es\/politica-de-cookies\/#webpage\",\"url\":\"https:\/\/matermetier.com\/es\/politica-de-cookies\/\",\"name\":\"Pol\u00edtica de Cookies &ndash; Mater Metier\",\"isPartOf\":{\"@id\":\"https:\/\/matermetier.com\/#website\"},\"datePublished\":\"2021-02-02T14:58:53+00:00\",\"dateModified\":\"2021-03-12T18:02:19+00:00\",\"breadcrumb\":{\"@id\":\"https:\/\/matermetier.com\/es\/politica-de-cookies\/#breadcrumb\"},\"inLanguage\":\"es\",\"potentialAction\":[{\"@type\":\"ReadAction\",\"target\":[\"https:\/\/matermetier.com\/es\/politica-de-cookies\/\"]}]},{\"@type\":\"BreadcrumbList\",\"@id\":\"https:\/\/matermetier.com\/es\/politica-de-cookies\/#breadcrumb\",\"itemListElement\":[{\"@type\":\"ListItem\",\"position\":1,\"name\":\"Home\",\"item\":\"https:\/\/matermetier.com\/es\/\"},{\"@type\":\"ListItem\",\"position\":2,\"name\":\"Pol\u00edtica de Cookies\"}]}]}<\/script>\n<!-- \/ Yoast SEO plugin. -->","yoast_head_json":{"title":"Pol\u00edtica de Cookies &ndash; Mater Metier","robots":{"index":"noindex","follow":"follow"},"og_locale":"es_ES","og_type":"article","og_title":"Pol\u00edtica de Cookies &ndash; Mater Metier","og_description":"\u00bfPor qu\u00e9 te informamos sobre las cookies? Dentro del reglamento LSSI-CE (Ley de la sociedad de la informaci\u00f3n y del comercio electr\u00f3nico), hay un apartado dedicado a las cookies que exige a quienes tenemos una web que descargue en tu navegador cookies de terceros, tenemos la obligaci\u00f3n de informar al usuario sobre el tipo de [&hellip;]","og_url":"https:\/\/matermetier.com\/es\/politica-de-cookies\/","og_site_name":"Mater Metier","article_modified_time":"2021-03-12T18:02:19+00:00","og_image":[{"width":1200,"height":628,"url":"https:\/\/matermetier.com\/wp-content\/uploads\/2021\/03\/rrss-share-matermetier.png","type":"image\/png"}],"twitter_card":"summary_large_image","twitter_misc":{"Tiempo de lectura":"9 minutos"},"schema":{"@context":"https:\/\/schema.org","@graph":[{"@type":"Organization","@id":"https:\/\/matermetier.com\/#organization","name":"Mater Metier","url":"https:\/\/matermetier.com\/","sameAs":["https:\/\/www.instagram.com\/matermetier\/","https:\/\/www.linkedin.com\/in\/mater-metier-30ba19208\/"],"logo":{"@type":"ImageObject","@id":"https:\/\/matermetier.com\/#logo","inLanguage":"es","url":"https:\/\/matermetier.com\/wp-content\/uploads\/2021\/03\/logo-matermetier.png","contentUrl":"https:\/\/matermetier.com\/wp-content\/uploads\/2021\/03\/logo-matermetier.png","width":546,"height":228,"caption":"Mater Metier"},"image":{"@id":"https:\/\/matermetier.com\/#logo"}},{"@type":"WebSite","@id":"https:\/\/matermetier.com\/#website","url":"https:\/\/matermetier.com\/","name":"Mater Metier","description":"","publisher":{"@id":"https:\/\/matermetier.com\/#organization"},"potentialAction":[{"@type":"SearchAction","target":{"@type":"EntryPoint","urlTemplate":"https:\/\/matermetier.com\/?s={search_term_string}"},"query-input":"required name=search_term_string"}],"inLanguage":"es"},{"@type":"WebPage","@id":"https:\/\/matermetier.com\/es\/politica-de-cookies\/#webpage","url":"https:\/\/matermetier.com\/es\/politica-de-cookies\/","name":"Pol\u00edtica de Cookies &ndash; Mater Metier","isPartOf":{"@id":"https:\/\/matermetier.com\/#website"},"datePublished":"2021-02-02T14:58:53+00:00","dateModified":"2021-03-12T18:02:19+00:00","breadcrumb":{"@id":"https:\/\/matermetier.com\/es\/politica-de-cookies\/#breadcrumb"},"inLanguage":"es","potentialAction":[{"@type":"ReadAction","target":["https:\/\/matermetier.com\/es\/politica-de-cookies\/"]}]},{"@type":"BreadcrumbList","@id":"https:\/\/matermetier.com\/es\/politica-de-cookies\/#breadcrumb","itemListElement":[{"@type":"ListItem","position":1,"name":"Home","item":"https:\/\/matermetier.com\/es\/"},{"@type":"ListItem","position":2,"name":"Pol\u00edtica de Cookies"}]}]}},"_links":{"self":[{"href":"https:\/\/matermetier.com\/es\/wp-json\/wp\/v2\/pages\/218"}],"collection":[{"href":"https:\/\/matermetier.com\/es\/wp-json\/wp\/v2\/pages"}],"about":[{"href":"https:\/\/matermetier.com\/es\/wp-json\/wp\/v2\/types\/page"}],"author":[{"embeddable":true,"href":"https:\/\/matermetier.com\/es\/wp-json\/wp\/v2\/users\/1"}],"replies":[{"embeddable":true,"href":"https:\/\/matermetier.com\/es\/wp-json\/wp\/v2\/comments?post=218"}],"version-history":[{"count":7,"href":"https:\/\/matermetier.com\/es\/wp-json\/wp\/v2\/pages\/218\/revisions"}],"predecessor-version":[{"id":589,"href":"https:\/\/matermetier.com\/es\/wp-json\/wp\/v2\/pages\/218\/revisions\/589"}],"wp:attachment":[{"href":"https:\/\/matermetier.com\/es\/wp-json\/wp\/v2\/media?parent=218"}],"curies":[{"name":"wp","href":"https:\/\/api.w.org\/{rel}","templated":true}]}}