{"id":235,"date":"2021-02-02T16:14:50","date_gmt":"2021-02-02T15:14:50","guid":{"rendered":"http:\/\/matermetier.com\/proyectos\/"},"modified":"2021-03-11T13:27:15","modified_gmt":"2021-03-11T12:27:15","slug":"proyectos","status":"publish","type":"page","link":"https:\/\/matermetier.com\/es\/proyectos\/","title":{"rendered":"Proyectos"},"content":{"rendered":"","protected":false},"excerpt":{"rendered":"","protected":false},"author":1,"featured_media":0,"parent":0,"menu_order":20,"comment_status":"closed","ping_status":"closed","template":"page-projects.php","meta":[],"yoast_head":"<!-- This site is optimized with the Yoast SEO plugin v18.6 - https:\/\/yoast.com\/wordpress\/plugins\/seo\/ -->\n<title>Proyectos &ndash; Mater Metier<\/title>\n<meta name=\"description\" content=\"M\u00e1s de una d\u00e9cada de experiencia con proyectos por toda Europa, nos permite materializar tus ideas desde la concepci\u00f3n hasta la instalaci\u00f3n.\" \/>\n<meta name=\"robots\" content=\"index, follow, max-snippet:-1, max-image-preview:large, max-video-preview:-1\" \/>\n<link rel=\"canonical\" href=\"https:\/\/matermetier.com\/es\/proyectos\/\" \/>\n<meta property=\"og:locale\" content=\"es_ES\" \/>\n<meta property=\"og:type\" content=\"article\" \/>\n<meta property=\"og:title\" content=\"Proyectos &ndash; Mater Metier\" \/>\n<meta property=\"og:description\" content=\"M\u00e1s de una d\u00e9cada de experiencia con proyectos por toda Europa, nos permite materializar tus ideas desde la concepci\u00f3n hasta la instalaci\u00f3n.\" \/>\n<meta property=\"og:url\" content=\"https:\/\/matermetier.com\/es\/proyectos\/\" \/>\n<meta property=\"og:site_name\" content=\"Mater Metier\" \/>\n<meta property=\"article:modified_time\" content=\"2021-03-11T12:27:15+00:00\" \/>\n<meta property=\"og:image\" content=\"https:\/\/matermetier.com\/wp-content\/uploads\/2021\/03\/rrss-share-matermetier.png\" \/>\n\t<meta property=\"og:image:width\" content=\"1200\" \/>\n\t<meta property=\"og:image:height\" content=\"628\" \/>\n\t<meta property=\"og:image:type\" content=\"image\/png\" \/>\n<meta name=\"twitter:card\" content=\"summary_large_image\" \/>\n<script type=\"application\/ld+json\" class=\"yoast-schema-graph\">{\"@context\":\"https:\/\/schema.org\",\"@graph\":[{\"@type\":\"Organization\",\"@id\":\"https:\/\/matermetier.com\/#organization\",\"name\":\"Mater Metier\",\"url\":\"https:\/\/matermetier.com\/\",\"sameAs\":[\"https:\/\/www.instagram.com\/matermetier\/\",\"https:\/\/www.linkedin.com\/in\/mater-metier-30ba19208\/\"],\"logo\":{\"@type\":\"ImageObject\",\"@id\":\"https:\/\/matermetier.com\/#logo\",\"inLanguage\":\"es\",\"url\":\"https:\/\/matermetier.com\/wp-content\/uploads\/2021\/03\/logo-matermetier.png\",\"contentUrl\":\"https:\/\/matermetier.com\/wp-content\/uploads\/2021\/03\/logo-matermetier.png\",\"width\":546,\"height\":228,\"caption\":\"Mater Metier\"},\"image\":{\"@id\":\"https:\/\/matermetier.com\/#logo\"}},{\"@type\":\"WebSite\",\"@id\":\"https:\/\/matermetier.com\/#website\",\"url\":\"https:\/\/matermetier.com\/\",\"name\":\"Mater Metier\",\"description\":\"\",\"publisher\":{\"@id\":\"https:\/\/matermetier.com\/#organization\"},\"potentialAction\":[{\"@type\":\"SearchAction\",\"target\":{\"@type\":\"EntryPoint\",\"urlTemplate\":\"https:\/\/matermetier.com\/?s={search_term_string}\"},\"query-input\":\"required name=search_term_string\"}],\"inLanguage\":\"es\"},{\"@type\":\"WebPage\",\"@id\":\"https:\/\/matermetier.com\/es\/proyectos\/#webpage\",\"url\":\"https:\/\/matermetier.com\/es\/proyectos\/\",\"name\":\"Proyectos &ndash; Mater Metier\",\"isPartOf\":{\"@id\":\"https:\/\/matermetier.com\/#website\"},\"datePublished\":\"2021-02-02T15:14:50+00:00\",\"dateModified\":\"2021-03-11T12:27:15+00:00\",\"description\":\"M\u00e1s de una d\u00e9cada de experiencia con proyectos por toda Europa, nos permite materializar tus ideas desde la concepci\u00f3n hasta la instalaci\u00f3n.\",\"breadcrumb\":{\"@id\":\"https:\/\/matermetier.com\/es\/proyectos\/#breadcrumb\"},\"inLanguage\":\"es\",\"potentialAction\":[{\"@type\":\"ReadAction\",\"target\":[\"https:\/\/matermetier.com\/es\/proyectos\/\"]}]},{\"@type\":\"BreadcrumbList\",\"@id\":\"https:\/\/matermetier.com\/es\/proyectos\/#breadcrumb\",\"itemListElement\":[{\"@type\":\"ListItem\",\"position\":1,\"name\":\"Home\",\"item\":\"https:\/\/matermetier.com\/es\/\"},{\"@type\":\"ListItem\",\"position\":2,\"name\":\"Proyectos\"}]}]}<\/script>\n<!-- \/ Yoast SEO plugin. -->","yoast_head_json":{"title":"Proyectos &ndash; Mater Metier","description":"M\u00e1s de una d\u00e9cada de experiencia con proyectos por toda Europa, nos permite materializar tus ideas desde la concepci\u00f3n hasta la instalaci\u00f3n.","robots":{"index":"index","follow":"follow","max-snippet":"max-snippet:-1","max-image-preview":"max-image-preview:large","max-video-preview":"max-video-preview:-1"},"canonical":"https:\/\/matermetier.com\/es\/proyectos\/","og_locale":"es_ES","og_type":"article","og_title":"Proyectos &ndash; Mater Metier","og_description":"M\u00e1s de una d\u00e9cada de experiencia con proyectos por toda Europa, nos permite materializar tus ideas desde la concepci\u00f3n hasta la instalaci\u00f3n.","og_url":"https:\/\/matermetier.com\/es\/proyectos\/","og_site_name":"Mater Metier","article_modified_time":"2021-03-11T12:27:15+00:00","og_image":[{"width":1200,"height":628,"url":"https:\/\/matermetier.com\/wp-content\/uploads\/2021\/03\/rrss-share-matermetier.png","type":"image\/png"}],"twitter_card":"summary_large_image","schema":{"@context":"https:\/\/schema.org","@graph":[{"@type":"Organization","@id":"https:\/\/matermetier.com\/#organization","name":"Mater Metier","url":"https:\/\/matermetier.com\/","sameAs":["https:\/\/www.instagram.com\/matermetier\/","https:\/\/www.linkedin.com\/in\/mater-metier-30ba19208\/"],"logo":{"@type":"ImageObject","@id":"https:\/\/matermetier.com\/#logo","inLanguage":"es","url":"https:\/\/matermetier.com\/wp-content\/uploads\/2021\/03\/logo-matermetier.png","contentUrl":"https:\/\/matermetier.com\/wp-content\/uploads\/2021\/03\/logo-matermetier.png","width":546,"height":228,"caption":"Mater Metier"},"image":{"@id":"https:\/\/matermetier.com\/#logo"}},{"@type":"WebSite","@id":"https:\/\/matermetier.com\/#website","url":"https:\/\/matermetier.com\/","name":"Mater Metier","description":"","publisher":{"@id":"https:\/\/matermetier.com\/#organization"},"potentialAction":[{"@type":"SearchAction","target":{"@type":"EntryPoint","urlTemplate":"https:\/\/matermetier.com\/?s={search_term_string}"},"query-input":"required name=search_term_string"}],"inLanguage":"es"},{"@type":"WebPage","@id":"https:\/\/matermetier.com\/es\/proyectos\/#webpage","url":"https:\/\/matermetier.com\/es\/proyectos\/","name":"Proyectos &ndash; Mater Metier","isPartOf":{"@id":"https:\/\/matermetier.com\/#website"},"datePublished":"2021-02-02T15:14:50+00:00","dateModified":"2021-03-11T12:27:15+00:00","description":"M\u00e1s de una d\u00e9cada de experiencia con proyectos por toda Europa, nos permite materializar tus ideas desde la concepci\u00f3n hasta la instalaci\u00f3n.","breadcrumb":{"@id":"https:\/\/matermetier.com\/es\/proyectos\/#breadcrumb"},"inLanguage":"es","potentialAction":[{"@type":"ReadAction","target":["https:\/\/matermetier.com\/es\/proyectos\/"]}]},{"@type":"BreadcrumbList","@id":"https:\/\/matermetier.com\/es\/proyectos\/#breadcrumb","itemListElement":[{"@type":"ListItem","position":1,"name":"Home","item":"https:\/\/matermetier.com\/es\/"},{"@type":"ListItem","position":2,"name":"Proyectos"}]}]}},"_links":{"self":[{"href":"https:\/\/matermetier.com\/es\/wp-json\/wp\/v2\/pages\/235"}],"collection":[{"href":"https:\/\/matermetier.com\/es\/wp-json\/wp\/v2\/pages"}],"about":[{"href":"https:\/\/matermetier.com\/es\/wp-json\/wp\/v2\/types\/page"}],"author":[{"embeddable":true,"href":"https:\/\/matermetier.com\/es\/wp-json\/wp\/v2\/users\/1"}],"replies":[{"embeddable":true,"href":"https:\/\/matermetier.com\/es\/wp-json\/wp\/v2\/comments?post=235"}],"version-history":[{"count":1,"href":"https:\/\/matermetier.com\/es\/wp-json\/wp\/v2\/pages\/235\/revisions"}],"predecessor-version":[{"id":565,"href":"https:\/\/matermetier.com\/es\/wp-json\/wp\/v2\/pages\/235\/revisions\/565"}],"wp:attachment":[{"href":"https:\/\/matermetier.com\/es\/wp-json\/wp\/v2\/media?parent=235"}],"curies":[{"name":"wp","href":"https:\/\/api.w.org\/{rel}","templated":true}]}}