{"id":160,"date":"2021-01-20T16:36:49","date_gmt":"2021-01-20T15:36:49","guid":{"rendered":"http:\/\/matermetier.com\/accueil\/"},"modified":"2021-06-01T19:08:32","modified_gmt":"2021-06-01T17:08:32","slug":"accueil","status":"publish","type":"page","link":"https:\/\/matermetier.com\/fr\/","title":{"rendered":"Accueil"},"content":{"rendered":"","protected":false},"excerpt":{"rendered":"","protected":false},"author":1,"featured_media":0,"parent":0,"menu_order":0,"comment_status":"closed","ping_status":"closed","template":"page-home.php","meta":[],"yoast_head":"<!-- This site is optimized with the Yoast SEO plugin v18.6 - https:\/\/yoast.com\/wordpress\/plugins\/seo\/ -->\n<title>Mater Metier | Design et production haut de gamme | Mobilier | Architecture<\/title>\n<meta name=\"description\" content=\"Mater Metier garantie la communication entre design e production pour la r\u00e9alisation de projets d&#039;architecture, de d\u00e9coration d&#039;int\u00e9rieurs et de fabrication de mobilier.\" \/>\n<meta name=\"robots\" content=\"index, follow, max-snippet:-1, max-image-preview:large, max-video-preview:-1\" \/>\n<link rel=\"canonical\" href=\"https:\/\/matermetier.com\/fr\/\" \/>\n<meta property=\"og:locale\" content=\"fr_FR\" \/>\n<meta property=\"og:type\" content=\"article\" \/>\n<meta property=\"og:title\" content=\"Mater Metier | Design et production haut de gamme | Mobilier | Architecture\" \/>\n<meta property=\"og:description\" content=\"Mater Metier garantie la communication entre design e production pour la r\u00e9alisation de projets d&#039;architecture, de d\u00e9coration d&#039;int\u00e9rieurs et de fabrication de mobilier.\" \/>\n<meta property=\"og:url\" content=\"https:\/\/matermetier.com\/fr\/\" \/>\n<meta property=\"og:site_name\" content=\"Mater Metier\" \/>\n<meta property=\"article:modified_time\" content=\"2021-06-01T17:08:32+00:00\" \/>\n<meta property=\"og:image\" content=\"https:\/\/matermetier.com\/wp-content\/uploads\/2021\/03\/rrss-share-matermetier.png\" \/>\n\t<meta property=\"og:image:width\" content=\"1200\" \/>\n\t<meta property=\"og:image:height\" content=\"628\" \/>\n\t<meta property=\"og:image:type\" content=\"image\/png\" \/>\n<meta name=\"twitter:card\" content=\"summary_large_image\" \/>\n<script type=\"application\/ld+json\" class=\"yoast-schema-graph\">{\"@context\":\"https:\/\/schema.org\",\"@graph\":[{\"@type\":\"Organization\",\"@id\":\"https:\/\/matermetier.com\/#organization\",\"name\":\"Mater Metier\",\"url\":\"https:\/\/matermetier.com\/\",\"sameAs\":[\"https:\/\/www.instagram.com\/matermetier\/\",\"https:\/\/www.linkedin.com\/in\/mater-metier-30ba19208\/\"],\"logo\":{\"@type\":\"ImageObject\",\"@id\":\"https:\/\/matermetier.com\/#logo\",\"inLanguage\":\"fr-FR\",\"url\":\"https:\/\/matermetier.com\/wp-content\/uploads\/2021\/03\/logo-matermetier.png\",\"contentUrl\":\"https:\/\/matermetier.com\/wp-content\/uploads\/2021\/03\/logo-matermetier.png\",\"width\":546,\"height\":228,\"caption\":\"Mater Metier\"},\"image\":{\"@id\":\"https:\/\/matermetier.com\/#logo\"}},{\"@type\":\"WebSite\",\"@id\":\"https:\/\/matermetier.com\/#website\",\"url\":\"https:\/\/matermetier.com\/\",\"name\":\"Mater Metier\",\"description\":\"\",\"publisher\":{\"@id\":\"https:\/\/matermetier.com\/#organization\"},\"potentialAction\":[{\"@type\":\"SearchAction\",\"target\":{\"@type\":\"EntryPoint\",\"urlTemplate\":\"https:\/\/matermetier.com\/?s={search_term_string}\"},\"query-input\":\"required name=search_term_string\"}],\"inLanguage\":\"fr-FR\"},{\"@type\":\"WebPage\",\"@id\":\"https:\/\/matermetier.com\/fr\/#webpage\",\"url\":\"https:\/\/matermetier.com\/fr\/\",\"name\":\"Mater Metier | Design et production haut de gamme | Mobilier | Architecture\",\"isPartOf\":{\"@id\":\"https:\/\/matermetier.com\/#website\"},\"datePublished\":\"2021-01-20T15:36:49+00:00\",\"dateModified\":\"2021-06-01T17:08:32+00:00\",\"description\":\"Mater Metier garantie la communication entre design e production pour la r\u00e9alisation de projets d'architecture, de d\u00e9coration d'int\u00e9rieurs et de fabrication de mobilier.\",\"breadcrumb\":{\"@id\":\"https:\/\/matermetier.com\/fr\/#breadcrumb\"},\"inLanguage\":\"fr-FR\",\"potentialAction\":[{\"@type\":\"ReadAction\",\"target\":[\"https:\/\/matermetier.com\/fr\/\"]}]},{\"@type\":\"BreadcrumbList\",\"@id\":\"https:\/\/matermetier.com\/fr\/#breadcrumb\",\"itemListElement\":[{\"@type\":\"ListItem\",\"position\":1,\"name\":\"Home\",\"item\":\"https:\/\/matermetier.com\/fr\/\"},{\"@type\":\"ListItem\",\"position\":2,\"name\":\"Accueil\"}]}]}<\/script>\n<!-- \/ Yoast SEO plugin. -->","yoast_head_json":{"title":"Mater Metier | Design et production haut de gamme | Mobilier | Architecture","description":"Mater Metier garantie la communication entre design e production pour la r\u00e9alisation de projets d'architecture, de d\u00e9coration d'int\u00e9rieurs et de fabrication de mobilier.","robots":{"index":"index","follow":"follow","max-snippet":"max-snippet:-1","max-image-preview":"max-image-preview:large","max-video-preview":"max-video-preview:-1"},"canonical":"https:\/\/matermetier.com\/fr\/","og_locale":"fr_FR","og_type":"article","og_title":"Mater Metier | Design et production haut de gamme | Mobilier | Architecture","og_description":"Mater Metier garantie la communication entre design e production pour la r\u00e9alisation de projets d'architecture, de d\u00e9coration d'int\u00e9rieurs et de fabrication de mobilier.","og_url":"https:\/\/matermetier.com\/fr\/","og_site_name":"Mater Metier","article_modified_time":"2021-06-01T17:08:32+00:00","og_image":[{"width":1200,"height":628,"url":"https:\/\/matermetier.com\/wp-content\/uploads\/2021\/03\/rrss-share-matermetier.png","type":"image\/png"}],"twitter_card":"summary_large_image","schema":{"@context":"https:\/\/schema.org","@graph":[{"@type":"Organization","@id":"https:\/\/matermetier.com\/#organization","name":"Mater Metier","url":"https:\/\/matermetier.com\/","sameAs":["https:\/\/www.instagram.com\/matermetier\/","https:\/\/www.linkedin.com\/in\/mater-metier-30ba19208\/"],"logo":{"@type":"ImageObject","@id":"https:\/\/matermetier.com\/#logo","inLanguage":"fr-FR","url":"https:\/\/matermetier.com\/wp-content\/uploads\/2021\/03\/logo-matermetier.png","contentUrl":"https:\/\/matermetier.com\/wp-content\/uploads\/2021\/03\/logo-matermetier.png","width":546,"height":228,"caption":"Mater Metier"},"image":{"@id":"https:\/\/matermetier.com\/#logo"}},{"@type":"WebSite","@id":"https:\/\/matermetier.com\/#website","url":"https:\/\/matermetier.com\/","name":"Mater Metier","description":"","publisher":{"@id":"https:\/\/matermetier.com\/#organization"},"potentialAction":[{"@type":"SearchAction","target":{"@type":"EntryPoint","urlTemplate":"https:\/\/matermetier.com\/?s={search_term_string}"},"query-input":"required name=search_term_string"}],"inLanguage":"fr-FR"},{"@type":"WebPage","@id":"https:\/\/matermetier.com\/fr\/#webpage","url":"https:\/\/matermetier.com\/fr\/","name":"Mater Metier | Design et production haut de gamme | Mobilier | Architecture","isPartOf":{"@id":"https:\/\/matermetier.com\/#website"},"datePublished":"2021-01-20T15:36:49+00:00","dateModified":"2021-06-01T17:08:32+00:00","description":"Mater Metier garantie la communication entre design e production pour la r\u00e9alisation de projets d'architecture, de d\u00e9coration d'int\u00e9rieurs et de fabrication de mobilier.","breadcrumb":{"@id":"https:\/\/matermetier.com\/fr\/#breadcrumb"},"inLanguage":"fr-FR","potentialAction":[{"@type":"ReadAction","target":["https:\/\/matermetier.com\/fr\/"]}]},{"@type":"BreadcrumbList","@id":"https:\/\/matermetier.com\/fr\/#breadcrumb","itemListElement":[{"@type":"ListItem","position":1,"name":"Home","item":"https:\/\/matermetier.com\/fr\/"},{"@type":"ListItem","position":2,"name":"Accueil"}]}]}},"_links":{"self":[{"href":"https:\/\/matermetier.com\/fr\/wp-json\/wp\/v2\/pages\/160"}],"collection":[{"href":"https:\/\/matermetier.com\/fr\/wp-json\/wp\/v2\/pages"}],"about":[{"href":"https:\/\/matermetier.com\/fr\/wp-json\/wp\/v2\/types\/page"}],"author":[{"embeddable":true,"href":"https:\/\/matermetier.com\/fr\/wp-json\/wp\/v2\/users\/1"}],"replies":[{"embeddable":true,"href":"https:\/\/matermetier.com\/fr\/wp-json\/wp\/v2\/comments?post=160"}],"version-history":[{"count":1,"href":"https:\/\/matermetier.com\/fr\/wp-json\/wp\/v2\/pages\/160\/revisions"}],"predecessor-version":[{"id":227,"href":"https:\/\/matermetier.com\/fr\/wp-json\/wp\/v2\/pages\/160\/revisions\/227"}],"wp:attachment":[{"href":"https:\/\/matermetier.com\/fr\/wp-json\/wp\/v2\/media?parent=160"}],"curies":[{"name":"wp","href":"https:\/\/api.w.org\/{rel}","templated":true}]}}