{"id":168,"date":"2021-02-02T11:45:53","date_gmt":"2021-02-02T10:45:53","guid":{"rendered":"http:\/\/matermetier.com\/mater-metier\/"},"modified":"2021-06-01T19:12:20","modified_gmt":"2021-06-01T17:12:20","slug":"mater-metier","status":"publish","type":"page","link":"https:\/\/matermetier.com\/fr\/mater-metier\/","title":{"rendered":"Mater Metier"},"content":{"rendered":"\n<p>Une logistique agile et des d\u00e9lais de production particuli\u00e8rement courts nous permettent de prendre en charge des projets o\u00f9 que que soyez en Europe.<\/p>\n\n<h2>Qui sommes nous<\/h2>\n\n<h3>DESIGN<\/h3>\n\n<p>Nous dessinons sur mesure et pr\u00e9parons toute la documentation technique n\u00e9cessaire \u00e0 la planification de leur production.<\/p>\n\n<h3>PRODUCTION<\/h3>\n\n<p>R\u00e9pondre \u00e0 vos besoins et soigner la qualit\u00e9 des produits finis sont nos objectifs principaux.<\/p>\n\n<p>Nous fabriquons des pi\u00e8ces uniques et singuli\u00e8res tout comme des s\u00e9ries sans contraintes quantitatives et \u00e0 un prix comp\u00e9titif.<\/p>\n\n<h3>SERVICE INTEGRAL<\/h3>\n\n<p>Plus d&#8217;une d\u00e9cennie d&#8217;exp\u00e9rience nous permet de mat\u00e9rialiser vos id\u00e9es \u00e0 la perfection et nous vous invitons \u00e0 suivre la progression des processus de fabrication \u00e0 tout moment.<\/p>\n","protected":false},"excerpt":{"rendered":"<p>Une logistique agile et des d\u00e9lais de production particuli\u00e8rement courts nous permettent de prendre en charge des projets o\u00f9 que que soyez en Europe. Qui sommes nous DESIGN Nous dessinons sur mesure et pr\u00e9parons toute la documentation technique n\u00e9cessaire \u00e0 la planification de leur production. PRODUCTION R\u00e9pondre \u00e0 vos besoins et soigner la qualit\u00e9 des [&hellip;]<\/p>\n","protected":false},"author":1,"featured_media":88,"parent":0,"menu_order":10,"comment_status":"closed","ping_status":"closed","template":"page-mater-metier.php","meta":[],"yoast_head":"<!-- This site is optimized with the Yoast SEO plugin v18.6 - https:\/\/yoast.com\/wordpress\/plugins\/seo\/ -->\n<title>Design, production et projets cl\u00e9 en main | Mater Metier<\/title>\n<meta name=\"description\" content=\"Nous vous accompagnons dans la conception et la r\u00e9alisation de vos id\u00e9es.\" \/>\n<meta name=\"robots\" content=\"index, follow, max-snippet:-1, max-image-preview:large, max-video-preview:-1\" \/>\n<link rel=\"canonical\" href=\"https:\/\/matermetier.com\/fr\/mater-metier\/\" \/>\n<meta property=\"og:locale\" content=\"fr_FR\" \/>\n<meta property=\"og:type\" content=\"article\" \/>\n<meta property=\"og:title\" content=\"Design, production et projets cl\u00e9 en main | Mater Metier\" \/>\n<meta property=\"og:description\" content=\"Nous vous accompagnons dans la conception et la r\u00e9alisation de vos id\u00e9es.\" \/>\n<meta property=\"og:url\" content=\"https:\/\/matermetier.com\/fr\/mater-metier\/\" \/>\n<meta property=\"og:site_name\" content=\"Mater Metier\" \/>\n<meta property=\"article:modified_time\" content=\"2021-06-01T17:12:20+00:00\" \/>\n<meta property=\"og:image\" content=\"https:\/\/matermetier.com\/wp-content\/uploads\/2021\/01\/lock-matermetier.jpg\" \/>\n\t<meta property=\"og:image:width\" content=\"1748\" \/>\n\t<meta property=\"og:image:height\" content=\"1118\" \/>\n\t<meta property=\"og:image:type\" content=\"image\/jpeg\" \/>\n<meta name=\"twitter:card\" content=\"summary_large_image\" \/>\n<meta name=\"twitter:label1\" content=\"Dur\u00e9e de lecture est.\" \/>\n\t<meta name=\"twitter:data1\" content=\"1 minute\" \/>\n<script type=\"application\/ld+json\" class=\"yoast-schema-graph\">{\"@context\":\"https:\/\/schema.org\",\"@graph\":[{\"@type\":\"Organization\",\"@id\":\"https:\/\/matermetier.com\/#organization\",\"name\":\"Mater Metier\",\"url\":\"https:\/\/matermetier.com\/\",\"sameAs\":[\"https:\/\/www.instagram.com\/matermetier\/\",\"https:\/\/www.linkedin.com\/in\/mater-metier-30ba19208\/\"],\"logo\":{\"@type\":\"ImageObject\",\"@id\":\"https:\/\/matermetier.com\/#logo\",\"inLanguage\":\"fr-FR\",\"url\":\"https:\/\/matermetier.com\/wp-content\/uploads\/2021\/03\/logo-matermetier.png\",\"contentUrl\":\"https:\/\/matermetier.com\/wp-content\/uploads\/2021\/03\/logo-matermetier.png\",\"width\":546,\"height\":228,\"caption\":\"Mater Metier\"},\"image\":{\"@id\":\"https:\/\/matermetier.com\/#logo\"}},{\"@type\":\"WebSite\",\"@id\":\"https:\/\/matermetier.com\/#website\",\"url\":\"https:\/\/matermetier.com\/\",\"name\":\"Mater Metier\",\"description\":\"\",\"publisher\":{\"@id\":\"https:\/\/matermetier.com\/#organization\"},\"potentialAction\":[{\"@type\":\"SearchAction\",\"target\":{\"@type\":\"EntryPoint\",\"urlTemplate\":\"https:\/\/matermetier.com\/?s={search_term_string}\"},\"query-input\":\"required name=search_term_string\"}],\"inLanguage\":\"fr-FR\"},{\"@type\":\"ImageObject\",\"@id\":\"https:\/\/matermetier.com\/fr\/mater-metier\/#primaryimage\",\"inLanguage\":\"fr-FR\",\"url\":\"https:\/\/matermetier.com\/wp-content\/uploads\/2021\/01\/lock-matermetier.jpg\",\"contentUrl\":\"https:\/\/matermetier.com\/wp-content\/uploads\/2021\/01\/lock-matermetier.jpg\",\"width\":1748,\"height\":1118,\"caption\":\"Lock in wall\"},{\"@type\":\"WebPage\",\"@id\":\"https:\/\/matermetier.com\/fr\/mater-metier\/#webpage\",\"url\":\"https:\/\/matermetier.com\/fr\/mater-metier\/\",\"name\":\"Design, production et projets cl\u00e9 en main | Mater Metier\",\"isPartOf\":{\"@id\":\"https:\/\/matermetier.com\/#website\"},\"primaryImageOfPage\":{\"@id\":\"https:\/\/matermetier.com\/fr\/mater-metier\/#primaryimage\"},\"datePublished\":\"2021-02-02T10:45:53+00:00\",\"dateModified\":\"2021-06-01T17:12:20+00:00\",\"description\":\"Nous vous accompagnons dans la conception et la r\u00e9alisation de vos id\u00e9es.\",\"breadcrumb\":{\"@id\":\"https:\/\/matermetier.com\/fr\/mater-metier\/#breadcrumb\"},\"inLanguage\":\"fr-FR\",\"potentialAction\":[{\"@type\":\"ReadAction\",\"target\":[\"https:\/\/matermetier.com\/fr\/mater-metier\/\"]}]},{\"@type\":\"BreadcrumbList\",\"@id\":\"https:\/\/matermetier.com\/fr\/mater-metier\/#breadcrumb\",\"itemListElement\":[{\"@type\":\"ListItem\",\"position\":1,\"name\":\"Home\",\"item\":\"https:\/\/matermetier.com\/fr\/\"},{\"@type\":\"ListItem\",\"position\":2,\"name\":\"Mater Metier\"}]}]}<\/script>\n<!-- \/ Yoast SEO plugin. -->","yoast_head_json":{"title":"Design, production et projets cl\u00e9 en main | Mater Metier","description":"Nous vous accompagnons dans la conception et la r\u00e9alisation de vos id\u00e9es.","robots":{"index":"index","follow":"follow","max-snippet":"max-snippet:-1","max-image-preview":"max-image-preview:large","max-video-preview":"max-video-preview:-1"},"canonical":"https:\/\/matermetier.com\/fr\/mater-metier\/","og_locale":"fr_FR","og_type":"article","og_title":"Design, production et projets cl\u00e9 en main | Mater Metier","og_description":"Nous vous accompagnons dans la conception et la r\u00e9alisation de vos id\u00e9es.","og_url":"https:\/\/matermetier.com\/fr\/mater-metier\/","og_site_name":"Mater Metier","article_modified_time":"2021-06-01T17:12:20+00:00","og_image":[{"width":1748,"height":1118,"url":"https:\/\/matermetier.com\/wp-content\/uploads\/2021\/01\/lock-matermetier.jpg","type":"image\/jpeg"}],"twitter_card":"summary_large_image","twitter_misc":{"Dur\u00e9e de lecture est.":"1 minute"},"schema":{"@context":"https:\/\/schema.org","@graph":[{"@type":"Organization","@id":"https:\/\/matermetier.com\/#organization","name":"Mater Metier","url":"https:\/\/matermetier.com\/","sameAs":["https:\/\/www.instagram.com\/matermetier\/","https:\/\/www.linkedin.com\/in\/mater-metier-30ba19208\/"],"logo":{"@type":"ImageObject","@id":"https:\/\/matermetier.com\/#logo","inLanguage":"fr-FR","url":"https:\/\/matermetier.com\/wp-content\/uploads\/2021\/03\/logo-matermetier.png","contentUrl":"https:\/\/matermetier.com\/wp-content\/uploads\/2021\/03\/logo-matermetier.png","width":546,"height":228,"caption":"Mater Metier"},"image":{"@id":"https:\/\/matermetier.com\/#logo"}},{"@type":"WebSite","@id":"https:\/\/matermetier.com\/#website","url":"https:\/\/matermetier.com\/","name":"Mater Metier","description":"","publisher":{"@id":"https:\/\/matermetier.com\/#organization"},"potentialAction":[{"@type":"SearchAction","target":{"@type":"EntryPoint","urlTemplate":"https:\/\/matermetier.com\/?s={search_term_string}"},"query-input":"required name=search_term_string"}],"inLanguage":"fr-FR"},{"@type":"ImageObject","@id":"https:\/\/matermetier.com\/fr\/mater-metier\/#primaryimage","inLanguage":"fr-FR","url":"https:\/\/matermetier.com\/wp-content\/uploads\/2021\/01\/lock-matermetier.jpg","contentUrl":"https:\/\/matermetier.com\/wp-content\/uploads\/2021\/01\/lock-matermetier.jpg","width":1748,"height":1118,"caption":"Lock in wall"},{"@type":"WebPage","@id":"https:\/\/matermetier.com\/fr\/mater-metier\/#webpage","url":"https:\/\/matermetier.com\/fr\/mater-metier\/","name":"Design, production et projets cl\u00e9 en main | Mater Metier","isPartOf":{"@id":"https:\/\/matermetier.com\/#website"},"primaryImageOfPage":{"@id":"https:\/\/matermetier.com\/fr\/mater-metier\/#primaryimage"},"datePublished":"2021-02-02T10:45:53+00:00","dateModified":"2021-06-01T17:12:20+00:00","description":"Nous vous accompagnons dans la conception et la r\u00e9alisation de vos id\u00e9es.","breadcrumb":{"@id":"https:\/\/matermetier.com\/fr\/mater-metier\/#breadcrumb"},"inLanguage":"fr-FR","potentialAction":[{"@type":"ReadAction","target":["https:\/\/matermetier.com\/fr\/mater-metier\/"]}]},{"@type":"BreadcrumbList","@id":"https:\/\/matermetier.com\/fr\/mater-metier\/#breadcrumb","itemListElement":[{"@type":"ListItem","position":1,"name":"Home","item":"https:\/\/matermetier.com\/fr\/"},{"@type":"ListItem","position":2,"name":"Mater Metier"}]}]}},"_links":{"self":[{"href":"https:\/\/matermetier.com\/fr\/wp-json\/wp\/v2\/pages\/168"}],"collection":[{"href":"https:\/\/matermetier.com\/fr\/wp-json\/wp\/v2\/pages"}],"about":[{"href":"https:\/\/matermetier.com\/fr\/wp-json\/wp\/v2\/types\/page"}],"author":[{"embeddable":true,"href":"https:\/\/matermetier.com\/fr\/wp-json\/wp\/v2\/users\/1"}],"replies":[{"embeddable":true,"href":"https:\/\/matermetier.com\/fr\/wp-json\/wp\/v2\/comments?post=168"}],"version-history":[{"count":7,"href":"https:\/\/matermetier.com\/fr\/wp-json\/wp\/v2\/pages\/168\/revisions"}],"predecessor-version":[{"id":1126,"href":"https:\/\/matermetier.com\/fr\/wp-json\/wp\/v2\/pages\/168\/revisions\/1126"}],"wp:featuredmedia":[{"embeddable":true,"href":"https:\/\/matermetier.com\/fr\/wp-json\/wp\/v2\/media\/88"}],"wp:attachment":[{"href":"https:\/\/matermetier.com\/fr\/wp-json\/wp\/v2\/media?parent=168"}],"curies":[{"name":"wp","href":"https:\/\/api.w.org\/{rel}","templated":true}]}}