{"id":211,"date":"2021-02-02T15:55:08","date_gmt":"2021-02-02T14:55:08","guid":{"rendered":"http:\/\/matermetier.com\/avis-juridique\/"},"modified":"2021-03-12T18:58:50","modified_gmt":"2021-03-12T17:58:50","slug":"avis-juridique","status":"publish","type":"page","link":"https:\/\/matermetier.com\/fr\/avis-juridique\/","title":{"rendered":"Avis juridique"},"content":{"rendered":"\n<h2>Datos del responsable<\/h2>\n\n\n\n<ul><li><strong>Identidad del Responsable:<\/strong> Ramiro Villegas Erce<\/li><li><strong>Nombre comercial: <\/strong>MATER METIER<\/li><li><strong>NIF\/CIF: <\/strong>ES44275673Y<\/li><li><strong>Direcci\u00f3n:<\/strong> CALLE BARRANCO DEL ABOGADO 32 &#8211; 18009 &#8211; GRANADA (GRANADA) ESPA\u00d1A<\/li><li><strong>Correo electr\u00f3nico:<\/strong> <a href=\"mailto:hola@matermetier.com\">hola@matermetier.com<\/a><\/li><\/ul>\n\n\n\n<p>En este espacio, podr\u00e1s encontrar toda la informaci\u00f3n relativa a los t\u00e9rminos y condiciones legales que definen las relaciones entre t\u00fa, como usuario y yo como responsable de esta web. Como usuario, es importante que conozcas estos t\u00e9rminos antes de continuar tu navegaci\u00f3n. <strong>MATER METIER<\/strong>, como responsable de esta web, asumo el compromiso de procesar la informaci\u00f3n de mis usuarios y clientes con plenas garant\u00edas y cumplir con los requisitos nacionales y europeos que regulan la recopilaci\u00f3n y uso de los datos personales de mis usuarios. Esta web, por tanto, cumple rigurosamente con La Ley Org\u00e1nica 15\/1999, de 13 de diciembre, de Protecci\u00f3n de Datos de Car\u00e1cter Personal (LOPD), y con el Real Decreto 1720\/2007, de 21 de diciembre, conocido como el Reglamento de desarrollo de la LOPD. Cumple tambi\u00e9n con el Reglamento (UE) 2016\/679 del Parlamento Europeo y del Consejo de 27 de abril de 2016 relativo a la protecci\u00f3n de las personas f\u00edsicas (RGPD), as\u00ed como con la Ley 34\/2002, de 11 de julio, de Servicios de la Sociedad de la Informaci\u00f3n y Comercio Electr\u00f3nico (LSSICE \u00f3 LSSI).<\/p>\n\n\n\n<h2>Condiciones generales de uso<\/h2>\n\n\n\n<p>Las presentes Condiciones Generales regulan el uso (incluyendo el mero acceso) de las p\u00e1ginas de web, integrantes del sitio web de <strong>MATER METIER<\/strong> incluidos los contenidos y servicios puestos a disposici\u00f3n en ellas. Toda persona que acceda a la web, matermetier.com (\u201cusuario\u201d) acepta someterse a las Condiciones Generales vigentes en cada momento del portal <a href=\"http:\/\/matermetier.com\" data-type=\"URL\" data-id=\"matermetier.com\">matermetier.com<\/a>.<\/p>\n\n\n\n<h2>Datos personales que recabo y c\u00f3mo lo hago<\/h2>\n\n\n\n<p>Leer <a href=\"https:\/\/matermetier.com\/es\/politica-de-privacidad\/\" data-type=\"page\" data-id=\"215\">Pol\u00edtica de Privacidad<\/a>.<\/p>\n\n\n\n<h2>Compromisos y obligaciones de los usuarios<\/h2>\n\n\n\n<p>El usuario queda informado, y acepta, que el acceso a la presente web no supone, en modo alguno, el inicio de una relaci\u00f3n comercial con <strong>MATER METIER.<\/strong> De esta forma, el usuario se compromete a utilizar el sitio web, sus servicios y contenidos sin contravenir la legislaci\u00f3n vigente, la buena fe y el orden p\u00fablico. Queda prohibido el uso de la web, con fines il\u00edcitos o lesivos, o que, de cualquier forma, puedan causar perjuicio o impedir el normal funcionamiento del sitio web. Respecto de los contenidos de esta web, se proh\u00edbe:<\/p>\n\n\n\n<ul><li>Su reproducci\u00f3n, distribuci\u00f3n o modificaci\u00f3n, total o parcial, a menos que se cuente con mi autorizaci\u00f3n como leg\u00edtimo titular;<\/li><li>Cualquier vulneraci\u00f3n de los derechos del prestador o de mi como leg\u00edtimo titular;<\/li><li>Su utilizaci\u00f3n para fines comerciales o publicitarios.<\/li><\/ul>\n\n\n\n<p>En la utilizaci\u00f3n de la web, matermetier.com el usuario se compromete a no llevar a cabo ninguna conducta que pudiera da\u00f1ar la imagen, los intereses y los derechos de<strong> MATER METIER<\/strong> o de terceros o que pudiera da\u00f1ar, inutilizar o sobrecargar el portal matermetier.com o que impidiera, de cualquier forma, la normal utilizaci\u00f3n de la web. No obstante, el usuario debe ser consciente de que las medidas de seguridad de los sistemas inform\u00e1ticos en Internet no son enteramente fiables y que, por tanto matermetier.com no puede garantizar la inexistencia de malware u otros elementos que puedan producir alteraciones en los sistemas inform\u00e1ticos (software y hardware) del usuario o en sus documentos electr\u00f3nicos y ficheros contenidos en los mismos aunque pongo todos los medios necesarios y las medidas de seguridad oportunas para evitar la presencia de estos elementos da\u00f1inos.<\/p>\n\n\n\n<h2>Medidas de seguridad<\/h2>\n\n\n\n<p>Los datos personales comunicados por el usuario a <strong>MATER METIER<\/strong> pueden ser almacenados en bases de datos automatizadas o no, cuya titularidad corresponde en exclusiva a <strong>MATER METIER<\/strong>, asumiendo \u00e9sta todas las medidas de \u00edndole t\u00e9cnica, organizativa y de seguridad que garantizan la confidencialidad, integridad y calidad de la informaci\u00f3n contenida en las mismas de acuerdo con lo establecido en la normativa vigente en protecci\u00f3n de datos. La comunicaci\u00f3n entre los usuarios y matermetier.com utiliza un canal seguro, y los datos transmitidos son cifrados gracias a protocolos a https, por tanto, garantizo las mejores condiciones de seguridad para que la confidencialidad de los usuarios est\u00e9 garantizada.<\/p>\n\n\n\n<h2>Plataforma de resoluci\u00f3n de conflictos<\/h2>\n\n\n\n<p>Pongo tambi\u00e9n a disposici\u00f3n de los usuarios la plataforma de resoluci\u00f3n de litigios que facilita la Comisi\u00f3n Europea y que se encuentra disponible en el siguiente enlace: <a rel=\"noreferrer noopener\" href=\"http:\/\/ec.europa.eu\/consumers\/odr\/\" target=\"_blank\">http:\/\/ec.europa.eu\/consumers\/odr\/<\/a><\/p>\n\n\n\n<h2>Derechos de propiedad intelectual e industrial<\/h2>\n\n\n\n<p>En virtud de lo dispuesto en los art\u00edculos 8 y 32.1, p\u00e1rrafo segundo, de la Ley de Propiedad Intelectual, quedan expresamente prohibidas la reproducci\u00f3n, la distribuci\u00f3n y la comunicaci\u00f3n p\u00fablica, incluida su modalidad de puesta a disposici\u00f3n, de la totalidad o parte de los contenidos de esta p\u00e1gina web, con fines comerciales, en cualquier soporte y por cualquier medio t\u00e9cnico, sin la autorizaci\u00f3n de <strong>MATER METIER<\/strong>. El usuario se compromete a respetar los derechos de Propiedad Intelectual e Industrial titularidad de \u00e9l. El usuario conoce y acepta que la totalidad del sitio web, conteniendo sin car\u00e1cter exhaustivo el texto, software, contenidos (incluyendo estructura, selecci\u00f3n, ordenaci\u00f3n y presentaci\u00f3n de los mismos) podcast, fotograf\u00edas, material audiovisual y gr\u00e1ficos, est\u00e1 protegida por marcas, derechos de autor y otros derechos leg\u00edtimos, de acuerdo con los tratados internacionales en los que Espa\u00f1a es parte y otros derechos de propiedad y leyes de Espa\u00f1a. En el caso de que un usuario o un tercero consideren que se ha producido una violaci\u00f3n de sus leg\u00edtimos derechos de propiedad intelectual por la introducci\u00f3n de un determinado contenido en la web, deber\u00e1 notificar dicha circunstancia a <strong>MATER METIER<\/strong> indicando:<\/p>\n\n\n\n<ul><li>Datos personales del interesado titular de los derechos presuntamente infringidos, o indicar la representaci\u00f3n con la que act\u00faa en caso de que la reclamaci\u00f3n la presente un tercero distinto del interesado.<\/li><li>Se\u00f1alar los contenidos protegidos por los derechos de propiedad intelectual y su ubicaci\u00f3n en la web, la acreditaci\u00f3n de los derechos de propiedad intelectual se\u00f1alados y declaraci\u00f3n expresa en la que el interesado se responsabiliza de la veracidad de las informaciones facilitadas en la notificaci\u00f3n.<\/li><\/ul>\n\n\n\n<h2>Exclusi\u00f3n de garant\u00edas y responsable<\/h2>\n\n\n\n<p><strong>MATER METIER<\/strong> no otorga ninguna garant\u00eda ni se hace responsable, en ning\u00fan caso, de los da\u00f1os y perjuicios de cualquier naturaleza que pudieran traer causa de:<\/p>\n\n\n\n<ul><li>La falta de disponibilidad, mantenimiento y efectivo funcionamiento de la web, o de sus servicios y contenidos.<\/li><li>La existencia de malware, programas maliciosos o lesivos en los contenidos;<\/li><li>El uso il\u00edcito, negligente, fraudulento o contrario a este Aviso Legal;<\/li><li>La falta de licitud, calidad, fiabilidad, utilidad y disponibilidad de los servicios prestados por terceros y puestos a disposici\u00f3n de los usuarios en el sitio web.<\/li><\/ul>\n\n\n\n<p>El prestador no se hace responsable bajo ning\u00fan concepto de los da\u00f1os que pudieran dimanar del uso ilegal o indebido de la presente p\u00e1gina web.<\/p>\n\n\n\n<h2>Ley aplicable y jurisdicci\u00f3n<\/h2>\n\n\n\n<p>Con car\u00e1cter general las relaciones entre <strong>MATER METIER<\/strong> con los usuarios de sus servicios telem\u00e1ticos, presentes en esta web se encuentran sometidas a la legislaci\u00f3n y jurisdicci\u00f3n espa\u00f1olas y a los tribunales de GRANADA.<\/p>\n\n\n\n<h2>Contacto<\/h2>\n\n\n\n<p>En caso de que cualquier usuario tuviese alguna duda acerca de estas Condiciones legales o cualquier comentario sobre el portal <a href=\"http:\/\/matermetier.com\" data-type=\"URL\" data-id=\"matermetier.com\">matermetier.com<\/a>, por favor dir\u00edjase a <a href=\"mailto:hola@matermetier.com\">hola@matermetier.com<\/a>.<\/p>\n\n\n\n<p><strong><em>\u00daltima actualizaci\u00f3n: febrero 2021<\/em><\/strong><\/p>\n","protected":false},"excerpt":{"rendered":"<p>Datos del responsable Identidad del Responsable: Ramiro Villegas Erce Nombre comercial: MATER METIER NIF\/CIF: ES44275673Y Direcci\u00f3n: CALLE BARRANCO DEL ABOGADO 32 &#8211; 18009 &#8211; GRANADA (GRANADA) ESPA\u00d1A Correo electr\u00f3nico: hola@matermetier.com En este espacio, podr\u00e1s encontrar toda la informaci\u00f3n relativa a los t\u00e9rminos y condiciones legales que definen las relaciones entre t\u00fa, como usuario y yo [&hellip;]<\/p>\n","protected":false},"author":1,"featured_media":0,"parent":0,"menu_order":97,"comment_status":"closed","ping_status":"closed","template":"","meta":[],"yoast_head":"<!-- This site is optimized with the Yoast SEO plugin v18.6 - https:\/\/yoast.com\/wordpress\/plugins\/seo\/ -->\n<title>Avis juridique &ndash; Mater Metier<\/title>\n<meta name=\"robots\" content=\"noindex, follow\" \/>\n<meta property=\"og:locale\" content=\"fr_FR\" \/>\n<meta property=\"og:type\" content=\"article\" \/>\n<meta property=\"og:title\" content=\"Avis juridique &ndash; Mater Metier\" \/>\n<meta property=\"og:description\" content=\"Datos del responsable Identidad del Responsable: Ramiro Villegas Erce Nombre comercial: MATER METIER NIF\/CIF: ES44275673Y Direcci\u00f3n: CALLE BARRANCO DEL ABOGADO 32 &#8211; 18009 &#8211; GRANADA (GRANADA) ESPA\u00d1A Correo electr\u00f3nico: hola@matermetier.com En este espacio, podr\u00e1s encontrar toda la informaci\u00f3n relativa a los t\u00e9rminos y condiciones legales que definen las relaciones entre t\u00fa, como usuario y yo [&hellip;]\" \/>\n<meta property=\"og:url\" content=\"https:\/\/matermetier.com\/fr\/avis-juridique\/\" \/>\n<meta property=\"og:site_name\" content=\"Mater Metier\" \/>\n<meta property=\"article:modified_time\" content=\"2021-03-12T17:58:50+00:00\" \/>\n<meta property=\"og:image\" content=\"https:\/\/matermetier.com\/wp-content\/uploads\/2021\/03\/rrss-share-matermetier.png\" \/>\n\t<meta property=\"og:image:width\" content=\"1200\" \/>\n\t<meta property=\"og:image:height\" content=\"628\" \/>\n\t<meta property=\"og:image:type\" content=\"image\/png\" \/>\n<meta name=\"twitter:card\" content=\"summary_large_image\" \/>\n<meta name=\"twitter:label1\" content=\"Dur\u00e9e de lecture est.\" \/>\n\t<meta name=\"twitter:data1\" content=\"6 minutes\" \/>\n<script type=\"application\/ld+json\" class=\"yoast-schema-graph\">{\"@context\":\"https:\/\/schema.org\",\"@graph\":[{\"@type\":\"Organization\",\"@id\":\"https:\/\/matermetier.com\/#organization\",\"name\":\"Mater Metier\",\"url\":\"https:\/\/matermetier.com\/\",\"sameAs\":[\"https:\/\/www.instagram.com\/matermetier\/\",\"https:\/\/www.linkedin.com\/in\/mater-metier-30ba19208\/\"],\"logo\":{\"@type\":\"ImageObject\",\"@id\":\"https:\/\/matermetier.com\/#logo\",\"inLanguage\":\"fr-FR\",\"url\":\"https:\/\/matermetier.com\/wp-content\/uploads\/2021\/03\/logo-matermetier.png\",\"contentUrl\":\"https:\/\/matermetier.com\/wp-content\/uploads\/2021\/03\/logo-matermetier.png\",\"width\":546,\"height\":228,\"caption\":\"Mater Metier\"},\"image\":{\"@id\":\"https:\/\/matermetier.com\/#logo\"}},{\"@type\":\"WebSite\",\"@id\":\"https:\/\/matermetier.com\/#website\",\"url\":\"https:\/\/matermetier.com\/\",\"name\":\"Mater Metier\",\"description\":\"\",\"publisher\":{\"@id\":\"https:\/\/matermetier.com\/#organization\"},\"potentialAction\":[{\"@type\":\"SearchAction\",\"target\":{\"@type\":\"EntryPoint\",\"urlTemplate\":\"https:\/\/matermetier.com\/?s={search_term_string}\"},\"query-input\":\"required name=search_term_string\"}],\"inLanguage\":\"fr-FR\"},{\"@type\":\"WebPage\",\"@id\":\"https:\/\/matermetier.com\/fr\/avis-juridique\/#webpage\",\"url\":\"https:\/\/matermetier.com\/fr\/avis-juridique\/\",\"name\":\"Avis juridique &ndash; Mater Metier\",\"isPartOf\":{\"@id\":\"https:\/\/matermetier.com\/#website\"},\"datePublished\":\"2021-02-02T14:55:08+00:00\",\"dateModified\":\"2021-03-12T17:58:50+00:00\",\"breadcrumb\":{\"@id\":\"https:\/\/matermetier.com\/fr\/avis-juridique\/#breadcrumb\"},\"inLanguage\":\"fr-FR\",\"potentialAction\":[{\"@type\":\"ReadAction\",\"target\":[\"https:\/\/matermetier.com\/fr\/avis-juridique\/\"]}]},{\"@type\":\"BreadcrumbList\",\"@id\":\"https:\/\/matermetier.com\/fr\/avis-juridique\/#breadcrumb\",\"itemListElement\":[{\"@type\":\"ListItem\",\"position\":1,\"name\":\"Home\",\"item\":\"https:\/\/matermetier.com\/fr\/\"},{\"@type\":\"ListItem\",\"position\":2,\"name\":\"Avis juridique\"}]}]}<\/script>\n<!-- \/ Yoast SEO plugin. -->","yoast_head_json":{"title":"Avis juridique &ndash; Mater Metier","robots":{"index":"noindex","follow":"follow"},"og_locale":"fr_FR","og_type":"article","og_title":"Avis juridique &ndash; Mater Metier","og_description":"Datos del responsable Identidad del Responsable: Ramiro Villegas Erce Nombre comercial: MATER METIER NIF\/CIF: ES44275673Y Direcci\u00f3n: CALLE BARRANCO DEL ABOGADO 32 &#8211; 18009 &#8211; GRANADA (GRANADA) ESPA\u00d1A Correo electr\u00f3nico: hola@matermetier.com En este espacio, podr\u00e1s encontrar toda la informaci\u00f3n relativa a los t\u00e9rminos y condiciones legales que definen las relaciones entre t\u00fa, como usuario y yo [&hellip;]","og_url":"https:\/\/matermetier.com\/fr\/avis-juridique\/","og_site_name":"Mater Metier","article_modified_time":"2021-03-12T17:58:50+00:00","og_image":[{"width":1200,"height":628,"url":"https:\/\/matermetier.com\/wp-content\/uploads\/2021\/03\/rrss-share-matermetier.png","type":"image\/png"}],"twitter_card":"summary_large_image","twitter_misc":{"Dur\u00e9e de lecture est.":"6 minutes"},"schema":{"@context":"https:\/\/schema.org","@graph":[{"@type":"Organization","@id":"https:\/\/matermetier.com\/#organization","name":"Mater Metier","url":"https:\/\/matermetier.com\/","sameAs":["https:\/\/www.instagram.com\/matermetier\/","https:\/\/www.linkedin.com\/in\/mater-metier-30ba19208\/"],"logo":{"@type":"ImageObject","@id":"https:\/\/matermetier.com\/#logo","inLanguage":"fr-FR","url":"https:\/\/matermetier.com\/wp-content\/uploads\/2021\/03\/logo-matermetier.png","contentUrl":"https:\/\/matermetier.com\/wp-content\/uploads\/2021\/03\/logo-matermetier.png","width":546,"height":228,"caption":"Mater Metier"},"image":{"@id":"https:\/\/matermetier.com\/#logo"}},{"@type":"WebSite","@id":"https:\/\/matermetier.com\/#website","url":"https:\/\/matermetier.com\/","name":"Mater Metier","description":"","publisher":{"@id":"https:\/\/matermetier.com\/#organization"},"potentialAction":[{"@type":"SearchAction","target":{"@type":"EntryPoint","urlTemplate":"https:\/\/matermetier.com\/?s={search_term_string}"},"query-input":"required name=search_term_string"}],"inLanguage":"fr-FR"},{"@type":"WebPage","@id":"https:\/\/matermetier.com\/fr\/avis-juridique\/#webpage","url":"https:\/\/matermetier.com\/fr\/avis-juridique\/","name":"Avis juridique &ndash; Mater Metier","isPartOf":{"@id":"https:\/\/matermetier.com\/#website"},"datePublished":"2021-02-02T14:55:08+00:00","dateModified":"2021-03-12T17:58:50+00:00","breadcrumb":{"@id":"https:\/\/matermetier.com\/fr\/avis-juridique\/#breadcrumb"},"inLanguage":"fr-FR","potentialAction":[{"@type":"ReadAction","target":["https:\/\/matermetier.com\/fr\/avis-juridique\/"]}]},{"@type":"BreadcrumbList","@id":"https:\/\/matermetier.com\/fr\/avis-juridique\/#breadcrumb","itemListElement":[{"@type":"ListItem","position":1,"name":"Home","item":"https:\/\/matermetier.com\/fr\/"},{"@type":"ListItem","position":2,"name":"Avis juridique"}]}]}},"_links":{"self":[{"href":"https:\/\/matermetier.com\/fr\/wp-json\/wp\/v2\/pages\/211"}],"collection":[{"href":"https:\/\/matermetier.com\/fr\/wp-json\/wp\/v2\/pages"}],"about":[{"href":"https:\/\/matermetier.com\/fr\/wp-json\/wp\/v2\/types\/page"}],"author":[{"embeddable":true,"href":"https:\/\/matermetier.com\/fr\/wp-json\/wp\/v2\/users\/1"}],"replies":[{"embeddable":true,"href":"https:\/\/matermetier.com\/fr\/wp-json\/wp\/v2\/comments?post=211"}],"version-history":[{"count":2,"href":"https:\/\/matermetier.com\/fr\/wp-json\/wp\/v2\/pages\/211\/revisions"}],"predecessor-version":[{"id":445,"href":"https:\/\/matermetier.com\/fr\/wp-json\/wp\/v2\/pages\/211\/revisions\/445"}],"wp:attachment":[{"href":"https:\/\/matermetier.com\/fr\/wp-json\/wp\/v2\/media?parent=211"}],"curies":[{"name":"wp","href":"https:\/\/api.w.org\/{rel}","templated":true}]}}