{"id":234,"date":"2021-02-02T16:14:41","date_gmt":"2021-02-02T15:14:41","guid":{"rendered":"http:\/\/matermetier.com\/projets\/"},"modified":"2021-05-13T11:50:01","modified_gmt":"2021-05-13T09:50:01","slug":"projets","status":"publish","type":"page","link":"https:\/\/matermetier.com\/fr\/projets\/","title":{"rendered":"Projets"},"content":{"rendered":"","protected":false},"excerpt":{"rendered":"","protected":false},"author":1,"featured_media":0,"parent":0,"menu_order":20,"comment_status":"closed","ping_status":"closed","template":"page-projects.php","meta":[],"yoast_head":"<!-- This site is optimized with the Yoast SEO plugin v18.6 - https:\/\/yoast.com\/wordpress\/plugins\/seo\/ -->\n<title>Projets &ndash; Mater Metier<\/title>\n<meta name=\"description\" content=\"Plus d&#039;une d\u00e9cennie d&#039;exp\u00e9rience nous permet de mat\u00e9rialiser tes id\u00e9es, depuis la conception jusqu&#039;\u00e0 l&#039;installation.\" \/>\n<meta name=\"robots\" content=\"index, follow, max-snippet:-1, max-image-preview:large, max-video-preview:-1\" \/>\n<link rel=\"canonical\" href=\"https:\/\/matermetier.com\/fr\/projets\/\" \/>\n<meta property=\"og:locale\" content=\"fr_FR\" \/>\n<meta property=\"og:type\" content=\"article\" \/>\n<meta property=\"og:title\" content=\"Projets &ndash; Mater Metier\" \/>\n<meta property=\"og:description\" content=\"Plus d&#039;une d\u00e9cennie d&#039;exp\u00e9rience nous permet de mat\u00e9rialiser tes id\u00e9es, depuis la conception jusqu&#039;\u00e0 l&#039;installation.\" \/>\n<meta property=\"og:url\" content=\"https:\/\/matermetier.com\/fr\/projets\/\" \/>\n<meta property=\"og:site_name\" content=\"Mater Metier\" \/>\n<meta property=\"article:modified_time\" content=\"2021-05-13T09:50:01+00:00\" \/>\n<meta property=\"og:image\" content=\"https:\/\/matermetier.com\/wp-content\/uploads\/2021\/03\/rrss-share-matermetier.png\" \/>\n\t<meta property=\"og:image:width\" content=\"1200\" \/>\n\t<meta property=\"og:image:height\" content=\"628\" \/>\n\t<meta property=\"og:image:type\" content=\"image\/png\" \/>\n<meta name=\"twitter:card\" content=\"summary_large_image\" \/>\n<script type=\"application\/ld+json\" class=\"yoast-schema-graph\">{\"@context\":\"https:\/\/schema.org\",\"@graph\":[{\"@type\":\"Organization\",\"@id\":\"https:\/\/matermetier.com\/#organization\",\"name\":\"Mater Metier\",\"url\":\"https:\/\/matermetier.com\/\",\"sameAs\":[\"https:\/\/www.instagram.com\/matermetier\/\",\"https:\/\/www.linkedin.com\/in\/mater-metier-30ba19208\/\"],\"logo\":{\"@type\":\"ImageObject\",\"@id\":\"https:\/\/matermetier.com\/#logo\",\"inLanguage\":\"fr-FR\",\"url\":\"https:\/\/matermetier.com\/wp-content\/uploads\/2021\/03\/logo-matermetier.png\",\"contentUrl\":\"https:\/\/matermetier.com\/wp-content\/uploads\/2021\/03\/logo-matermetier.png\",\"width\":546,\"height\":228,\"caption\":\"Mater Metier\"},\"image\":{\"@id\":\"https:\/\/matermetier.com\/#logo\"}},{\"@type\":\"WebSite\",\"@id\":\"https:\/\/matermetier.com\/#website\",\"url\":\"https:\/\/matermetier.com\/\",\"name\":\"Mater Metier\",\"description\":\"\",\"publisher\":{\"@id\":\"https:\/\/matermetier.com\/#organization\"},\"potentialAction\":[{\"@type\":\"SearchAction\",\"target\":{\"@type\":\"EntryPoint\",\"urlTemplate\":\"https:\/\/matermetier.com\/?s={search_term_string}\"},\"query-input\":\"required name=search_term_string\"}],\"inLanguage\":\"fr-FR\"},{\"@type\":\"WebPage\",\"@id\":\"https:\/\/matermetier.com\/fr\/projets\/#webpage\",\"url\":\"https:\/\/matermetier.com\/fr\/projets\/\",\"name\":\"Projets &ndash; Mater Metier\",\"isPartOf\":{\"@id\":\"https:\/\/matermetier.com\/#website\"},\"datePublished\":\"2021-02-02T15:14:41+00:00\",\"dateModified\":\"2021-05-13T09:50:01+00:00\",\"description\":\"Plus d'une d\u00e9cennie d'exp\u00e9rience nous permet de mat\u00e9rialiser tes id\u00e9es, depuis la conception jusqu'\u00e0 l'installation.\",\"breadcrumb\":{\"@id\":\"https:\/\/matermetier.com\/fr\/projets\/#breadcrumb\"},\"inLanguage\":\"fr-FR\",\"potentialAction\":[{\"@type\":\"ReadAction\",\"target\":[\"https:\/\/matermetier.com\/fr\/projets\/\"]}]},{\"@type\":\"BreadcrumbList\",\"@id\":\"https:\/\/matermetier.com\/fr\/projets\/#breadcrumb\",\"itemListElement\":[{\"@type\":\"ListItem\",\"position\":1,\"name\":\"Home\",\"item\":\"https:\/\/matermetier.com\/fr\/\"},{\"@type\":\"ListItem\",\"position\":2,\"name\":\"Projets\"}]}]}<\/script>\n<!-- \/ Yoast SEO plugin. -->","yoast_head_json":{"title":"Projets &ndash; Mater Metier","description":"Plus d'une d\u00e9cennie d'exp\u00e9rience nous permet de mat\u00e9rialiser tes id\u00e9es, depuis la conception jusqu'\u00e0 l'installation.","robots":{"index":"index","follow":"follow","max-snippet":"max-snippet:-1","max-image-preview":"max-image-preview:large","max-video-preview":"max-video-preview:-1"},"canonical":"https:\/\/matermetier.com\/fr\/projets\/","og_locale":"fr_FR","og_type":"article","og_title":"Projets &ndash; Mater Metier","og_description":"Plus d'une d\u00e9cennie d'exp\u00e9rience nous permet de mat\u00e9rialiser tes id\u00e9es, depuis la conception jusqu'\u00e0 l'installation.","og_url":"https:\/\/matermetier.com\/fr\/projets\/","og_site_name":"Mater Metier","article_modified_time":"2021-05-13T09:50:01+00:00","og_image":[{"width":1200,"height":628,"url":"https:\/\/matermetier.com\/wp-content\/uploads\/2021\/03\/rrss-share-matermetier.png","type":"image\/png"}],"twitter_card":"summary_large_image","schema":{"@context":"https:\/\/schema.org","@graph":[{"@type":"Organization","@id":"https:\/\/matermetier.com\/#organization","name":"Mater Metier","url":"https:\/\/matermetier.com\/","sameAs":["https:\/\/www.instagram.com\/matermetier\/","https:\/\/www.linkedin.com\/in\/mater-metier-30ba19208\/"],"logo":{"@type":"ImageObject","@id":"https:\/\/matermetier.com\/#logo","inLanguage":"fr-FR","url":"https:\/\/matermetier.com\/wp-content\/uploads\/2021\/03\/logo-matermetier.png","contentUrl":"https:\/\/matermetier.com\/wp-content\/uploads\/2021\/03\/logo-matermetier.png","width":546,"height":228,"caption":"Mater Metier"},"image":{"@id":"https:\/\/matermetier.com\/#logo"}},{"@type":"WebSite","@id":"https:\/\/matermetier.com\/#website","url":"https:\/\/matermetier.com\/","name":"Mater Metier","description":"","publisher":{"@id":"https:\/\/matermetier.com\/#organization"},"potentialAction":[{"@type":"SearchAction","target":{"@type":"EntryPoint","urlTemplate":"https:\/\/matermetier.com\/?s={search_term_string}"},"query-input":"required name=search_term_string"}],"inLanguage":"fr-FR"},{"@type":"WebPage","@id":"https:\/\/matermetier.com\/fr\/projets\/#webpage","url":"https:\/\/matermetier.com\/fr\/projets\/","name":"Projets &ndash; Mater Metier","isPartOf":{"@id":"https:\/\/matermetier.com\/#website"},"datePublished":"2021-02-02T15:14:41+00:00","dateModified":"2021-05-13T09:50:01+00:00","description":"Plus d'une d\u00e9cennie d'exp\u00e9rience nous permet de mat\u00e9rialiser tes id\u00e9es, depuis la conception jusqu'\u00e0 l'installation.","breadcrumb":{"@id":"https:\/\/matermetier.com\/fr\/projets\/#breadcrumb"},"inLanguage":"fr-FR","potentialAction":[{"@type":"ReadAction","target":["https:\/\/matermetier.com\/fr\/projets\/"]}]},{"@type":"BreadcrumbList","@id":"https:\/\/matermetier.com\/fr\/projets\/#breadcrumb","itemListElement":[{"@type":"ListItem","position":1,"name":"Home","item":"https:\/\/matermetier.com\/fr\/"},{"@type":"ListItem","position":2,"name":"Projets"}]}]}},"_links":{"self":[{"href":"https:\/\/matermetier.com\/fr\/wp-json\/wp\/v2\/pages\/234"}],"collection":[{"href":"https:\/\/matermetier.com\/fr\/wp-json\/wp\/v2\/pages"}],"about":[{"href":"https:\/\/matermetier.com\/fr\/wp-json\/wp\/v2\/types\/page"}],"author":[{"embeddable":true,"href":"https:\/\/matermetier.com\/fr\/wp-json\/wp\/v2\/users\/1"}],"replies":[{"embeddable":true,"href":"https:\/\/matermetier.com\/fr\/wp-json\/wp\/v2\/comments?post=234"}],"version-history":[{"count":1,"href":"https:\/\/matermetier.com\/fr\/wp-json\/wp\/v2\/pages\/234\/revisions"}],"predecessor-version":[{"id":566,"href":"https:\/\/matermetier.com\/fr\/wp-json\/wp\/v2\/pages\/234\/revisions\/566"}],"wp:attachment":[{"href":"https:\/\/matermetier.com\/fr\/wp-json\/wp\/v2\/media?parent=234"}],"curies":[{"name":"wp","href":"https:\/\/api.w.org\/{rel}","templated":true}]}}